{"id":4233,"date":"2022-04-25T09:40:47","date_gmt":"2022-04-25T09:40:47","guid":{"rendered":"https:\/\/ktpetrolleri.com\/halil-hamza-petrol\/"},"modified":"2022-09-05T23:53:54","modified_gmt":"2022-09-05T23:53:54","slug":"halil-hamza-petrol","status":"publish","type":"page","link":"https:\/\/ktpetrolleri.com\/en\/halil-hamza-petrol\/","title":{"rendered":"Halil Hamza Petrol"},"content":{"rendered":"\t\t<div data-elementor-type=\"wp-post\" data-elementor-id=\"4233\" class=\"elementor elementor-4233 elementor-3616\" data-elementor-post-type=\"page\">\n\t\t\t\t\t\t<section class=\"elementor-section elementor-top-section elementor-element elementor-element-95c10c0 elementor-section-boxed elementor-section-height-default elementor-section-height-default\" data-id=\"95c10c0\" data-element_type=\"section\" data-e-type=\"section\" data-settings=\"{&quot;background_background&quot;:&quot;classic&quot;}\">\n\t\t\t\t\t\t\t<div class=\"elementor-background-overlay\"><\/div>\n\t\t\t\t\t\t\t<div class=\"elementor-container elementor-column-gap-default\">\n\t\t\t\t\t<div class=\"elementor-column elementor-col-100 elementor-top-column elementor-element elementor-element-8f4e074\" data-id=\"8f4e074\" data-element_type=\"column\" data-e-type=\"column\">\n\t\t\t<div class=\"elementor-widget-wrap elementor-element-populated\">\n\t\t\t\t\t\t<div class=\"elementor-element elementor-element-fbe535a elementor-widget elementor-widget-heading\" data-id=\"fbe535a\" data-element_type=\"widget\" data-e-type=\"widget\" data-widget_type=\"heading.default\">\n\t\t\t\t<div class=\"elementor-widget-container\">\n\t\t\t\t\t<h1 class=\"elementor-heading-title elementor-size-default\">Halil Hamza Petrol<\/h1>\t\t\t\t<\/div>\n\t\t\t\t<\/div>\n\t\t\t\t\t<\/div>\n\t\t<\/div>\n\t\t\t\t\t<\/div>\n\t\t<\/section>\n\t\t\t\t<section class=\"elementor-section elementor-top-section elementor-element elementor-element-73ac603 elementor-reverse-mobile elementor-section-boxed elementor-section-height-default elementor-section-height-default\" data-id=\"73ac603\" data-element_type=\"section\" data-e-type=\"section\" data-settings=\"{&quot;shape_divider_top&quot;:&quot;triangle-asymmetrical&quot;}\">\n\t\t\t\t\t<div class=\"elementor-shape elementor-shape-top\" aria-hidden=\"true\" data-negative=\"false\">\n\t\t\t<svg xmlns=\"http:\/\/www.w3.org\/2000\/svg\" viewBox=\"0 0 1000 100\" preserveAspectRatio=\"none\">\n\t<path class=\"elementor-shape-fill\" d=\"M738,99l262-93V0H0v5.6L738,99z\"\/>\n<\/svg>\t\t<\/div>\n\t\t\t\t\t<div class=\"elementor-container elementor-column-gap-default\">\n\t\t\t\t\t<div class=\"elementor-column elementor-col-50 elementor-top-column elementor-element elementor-element-18fa329\" data-id=\"18fa329\" data-element_type=\"column\" data-e-type=\"column\">\n\t\t\t<div class=\"elementor-widget-wrap elementor-element-populated\">\n\t\t\t\t\t\t<div class=\"elementor-element elementor-element-5b4d04b elementor-widget elementor-widget-image\" data-id=\"5b4d04b\" data-element_type=\"widget\" data-e-type=\"widget\" data-settings=\"{&quot;motion_fx_motion_fx_mouse&quot;:&quot;yes&quot;,&quot;motion_fx_tilt_effect&quot;:&quot;yes&quot;,&quot;motion_fx_tilt_direction&quot;:&quot;negative&quot;,&quot;motion_fx_tilt_speed&quot;:{&quot;unit&quot;:&quot;px&quot;,&quot;size&quot;:2,&quot;sizes&quot;:[]}}\" data-widget_type=\"image.default\">\n\t\t\t\t<div class=\"elementor-widget-container\">\n\t\t\t\t\t\t\t\t\t\t\t\t\t\t\t<img fetchpriority=\"high\" decoding=\"async\" width=\"688\" height=\"1024\" src=\"https:\/\/ktpetrolleri.com\/wp-content\/uploads\/2022\/09\/phone1-min-eng-688x1024.png\" class=\"attachment-large size-large wp-image-4005\" alt=\"\" srcset=\"https:\/\/ktpetrolleri.com\/wp-content\/uploads\/2022\/09\/phone1-min-eng-688x1024.png 688w, https:\/\/ktpetrolleri.com\/wp-content\/uploads\/2022\/09\/phone1-min-eng-202x300.png 202w, https:\/\/ktpetrolleri.com\/wp-content\/uploads\/2022\/09\/phone1-min-eng-768x1143.png 768w, https:\/\/ktpetrolleri.com\/wp-content\/uploads\/2022\/09\/phone1-min-eng.png 1000w\" sizes=\"(max-width: 688px) 100vw, 688px\" \/>\t\t\t\t\t\t\t\t\t\t\t\t\t\t\t<\/div>\n\t\t\t\t<\/div>\n\t\t\t\t\t<\/div>\n\t\t<\/div>\n\t\t\t\t<div class=\"elementor-column elementor-col-50 elementor-top-column elementor-element elementor-element-13ae1d1\" data-id=\"13ae1d1\" data-element_type=\"column\" data-e-type=\"column\">\n\t\t\t<div class=\"elementor-widget-wrap elementor-element-populated\">\n\t\t\t\t\t\t<div class=\"elementor-element elementor-element-a13f45b elementor-widget elementor-widget-heading\" data-id=\"a13f45b\" data-element_type=\"widget\" data-e-type=\"widget\" data-widget_type=\"heading.default\">\n\t\t\t\t<div class=\"elementor-widget-container\">\n\t\t\t\t\t<h2 class=\"elementor-heading-title elementor-size-default\">Halil Hamza Petrol<\/h2>\t\t\t\t<\/div>\n\t\t\t\t<\/div>\n\t\t\t\t<section class=\"elementor-section elementor-inner-section elementor-element elementor-element-27b555c elementor-section-boxed elementor-section-height-default elementor-section-height-default\" data-id=\"27b555c\" data-element_type=\"section\" data-e-type=\"section\">\n\t\t\t\t\t\t<div class=\"elementor-container elementor-column-gap-default\">\n\t\t\t\t\t<div class=\"elementor-column elementor-col-50 elementor-inner-column elementor-element elementor-element-e248d98\" data-id=\"e248d98\" data-element_type=\"column\" data-e-type=\"column\">\n\t\t\t<div class=\"elementor-widget-wrap elementor-element-populated\">\n\t\t\t\t\t\t<div class=\"elementor-element elementor-element-cb5dfe0 elementor-widget elementor-widget-uael-infobox\" data-id=\"cb5dfe0\" data-element_type=\"widget\" data-e-type=\"widget\" data-widget_type=\"uael-infobox.default\">\n\t\t\t\t<div class=\"elementor-widget-container\">\n\t\t\t\t\t\n<div class=\"uael-module-content uael-infobox uael-imgicon-style-normal  uael-infobox-left  infobox-has-icon uael-infobox-icon-above-title  uael-infobox-link-type-none\">\n\t<div class=\"uael-infobox-left-right-wrap\">\n\t\t\t\t\t\t<div class=\"uael-infobox-content\">\n\t\t\t\t\t\t\t<div class=\"uael-module-content uael-imgicon-wrap \">\t\t\t\t\t\t\t\t\t\t\t\n\t\t\t\t\t\t\t\t\t\t\t\t\t\t<\/div>\n\t\t\t\t\t\t\t<div class='uael-infobox-title-wrap'><h3 class=\"uael-infobox-title elementor-inline-editing\" data-elementor-setting-key=\"infobox_title\" data-elementor-inline-editing-toolbar=\"basic\" >address:<\/h3><\/div>\t\t\t\t\t\t\t\t\t<div class=\"uael-infobox-text-wrap\">\n\t\t\t\t<div class=\"uael-infobox-text elementor-inline-editing\" data-elementor-setting-key=\"infobox_description\" data-elementor-inline-editing-toolbar=\"advanced\">\n\t\t\t\t\t<p>Dervi\u015f Vaiz Street<br><\/p>\n<p>99500 Famagusta<br><\/p>\t\t\t\t<\/div>\n\t\t\t\t\t\n\t\t\t\t\t\t\t<\/div>\n\t\t<\/div>\n\t\t\t<\/div>\n<\/div>\n\t\t\t\t<\/div>\n\t\t\t\t<\/div>\n\t\t\t\t<div class=\"elementor-element elementor-element-a21498c elementor-widget elementor-widget-uael-infobox\" data-id=\"a21498c\" data-element_type=\"widget\" data-e-type=\"widget\" data-widget_type=\"uael-infobox.default\">\n\t\t\t\t<div class=\"elementor-widget-container\">\n\t\t\t\t\t\n<div class=\"uael-module-content uael-infobox uael-imgicon-style-normal  uael-infobox-left  infobox-has-icon uael-infobox-icon-above-title  uael-infobox-link-type-none\">\n\t<div class=\"uael-infobox-left-right-wrap\">\n\t\t\t\t\t\t<div class=\"uael-infobox-content\">\n\t\t\t\t\t\t\t<div class=\"uael-module-content uael-imgicon-wrap \">\t\t\t\t\t\t\t\t\t\t\t\n\t\t\t\t\t\t\t\t\t\t\t\t\t\t<\/div>\n\t\t\t\t\t\t\t<div class='uael-infobox-title-wrap'><h3 class=\"uael-infobox-title elementor-inline-editing\" data-elementor-setting-key=\"infobox_title\" data-elementor-inline-editing-toolbar=\"basic\" >Telephone:<\/h3><\/div>\t\t\t\t\t\t\t\t\t<div class=\"uael-infobox-text-wrap\">\n\t\t\t\t<div class=\"uael-infobox-text elementor-inline-editing\" data-elementor-setting-key=\"infobox_description\" data-elementor-inline-editing-toolbar=\"advanced\">\n\t\t\t\t\t0392 364 92 30\n\t\t\t\t<\/div>\n\t\t\t\t\t\n\t\t\t\t\t\t\t<\/div>\n\t\t<\/div>\n\t\t\t<\/div>\n<\/div>\n\t\t\t\t<\/div>\n\t\t\t\t<\/div>\n\t\t\t\t<div class=\"elementor-element elementor-element-0581158 elementor-widget elementor-widget-uael-infobox\" data-id=\"0581158\" data-element_type=\"widget\" data-e-type=\"widget\" data-widget_type=\"uael-infobox.default\">\n\t\t\t\t<div class=\"elementor-widget-container\">\n\t\t\t\t\t\n<div class=\"uael-module-content uael-infobox uael-imgicon-style-normal  uael-infobox-left  infobox-has-icon uael-infobox-icon-above-title  uael-infobox-link-type-none\">\n\t<div class=\"uael-infobox-left-right-wrap\">\n\t\t\t\t\t\t<div class=\"uael-infobox-content\">\n\t\t\t\t\t\t\t<div class=\"uael-module-content uael-imgicon-wrap \">\t\t\t\t\t\t\t\t\t\t\t\n\t\t\t\t\t\t\t\t\t\t\t\t\t\t<\/div>\n\t\t\t\t\t\t\t<div class='uael-infobox-title-wrap'><h3 class=\"uael-infobox-title elementor-inline-editing\" data-elementor-setting-key=\"infobox_title\" data-elementor-inline-editing-toolbar=\"basic\" >e-mail<\/h3><\/div>\t\t\t\t\t\t\t\t\t<div class=\"uael-infobox-text-wrap\">\n\t\t\t\t<div class=\"uael-infobox-text elementor-inline-editing\" data-elementor-setting-key=\"infobox_description\" data-elementor-inline-editing-toolbar=\"advanced\">\n\t\t\t\t\t\t\t\t\t<\/div>\n\t\t\t\t\t\n\t\t\t\t\t\t\t<\/div>\n\t\t<\/div>\n\t\t\t<\/div>\n<\/div>\n\t\t\t\t<\/div>\n\t\t\t\t<\/div>\n\t\t\t\t\t<\/div>\n\t\t<\/div>\n\t\t\t\t<div class=\"elementor-column elementor-col-50 elementor-inner-column elementor-element elementor-element-307f410\" data-id=\"307f410\" data-element_type=\"column\" data-e-type=\"column\">\n\t\t\t<div class=\"elementor-widget-wrap elementor-element-populated\">\n\t\t\t\t\t\t<div class=\"elementor-element elementor-element-81d7dcd elementor-widget elementor-widget-image\" data-id=\"81d7dcd\" data-element_type=\"widget\" data-e-type=\"widget\" data-widget_type=\"image.default\">\n\t\t\t\t<div class=\"elementor-widget-container\">\n\t\t\t\t\t\t\t\t\t\t\t\t\t\t\t<img decoding=\"async\" width=\"1024\" height=\"576\" src=\"https:\/\/ktpetrolleri.com\/wp-content\/uploads\/2022\/04\/halil_hamza_petrol-1024x576.jpg\" class=\"attachment-large size-large wp-image-4145\" alt=\"\" srcset=\"https:\/\/ktpetrolleri.com\/wp-content\/uploads\/2022\/04\/halil_hamza_petrol-1024x576.jpg 1024w, https:\/\/ktpetrolleri.com\/wp-content\/uploads\/2022\/04\/halil_hamza_petrol-300x169.jpg 300w, https:\/\/ktpetrolleri.com\/wp-content\/uploads\/2022\/04\/halil_hamza_petrol-768x432.jpg 768w, https:\/\/ktpetrolleri.com\/wp-content\/uploads\/2022\/04\/halil_hamza_petrol-1536x864.jpg 1536w, https:\/\/ktpetrolleri.com\/wp-content\/uploads\/2022\/04\/halil_hamza_petrol.jpg 1920w\" sizes=\"(max-width: 1024px) 100vw, 1024px\" \/>\t\t\t\t\t\t\t\t\t\t\t\t\t\t\t<\/div>\n\t\t\t\t<\/div>\n\t\t\t\t\t<\/div>\n\t\t<\/div>\n\t\t\t\t\t<\/div>\n\t\t<\/section>\n\t\t\t\t<div class=\"elementor-element elementor-element-44c950e elementor-widget elementor-widget-html\" data-id=\"44c950e\" data-element_type=\"widget\" data-e-type=\"widget\" data-widget_type=\"html.default\">\n\t\t\t\t<div class=\"elementor-widget-container\">\n\t\t\t\t\t<iframe src=\"https:\/\/www.google.com\/maps\/embed?pb=!4v1650879805150!6m8!1m7!1sCAoSLEFGMVFpcE9OUXVsRy1XVmdhS2xUOUdPVFpjeDNGdVpnbWlNRXVQUlZwYWpK!2m2!1d35.17165973372008!2d33.84761983522204!3f145.1711134886282!4f-10.449411197727343!5f0.7820865974627469\" width=\"600\" height=\"450\" style=\"border:0;\" allowfullscreen=\"\" loading=\"lazy\" referrerpolicy=\"no-referrer-when-downgrade\"><\/iframe>\t\t\t\t<\/div>\n\t\t\t\t<\/div>\n\t\t\t\t\t<\/div>\n\t\t<\/div>\n\t\t\t\t\t<\/div>\n\t\t<\/section>\n\t\t\t\t<\/div>\n\t\t","protected":false},"excerpt":{"rendered":"<p>Halil Hamza Petrol Halil Hamza Petrol address: Dervi\u015f Vaiz Street 99500 Famagusta Telephone: 0392 364 92 30 e-mail<\/p>\n","protected":false},"author":8,"featured_media":0,"parent":0,"menu_order":0,"comment_status":"closed","ping_status":"closed","template":"","meta":{"site-sidebar-layout":"no-sidebar","site-content-layout":"page-builder","ast-site-content-layout":"default","site-content-style":"default","site-sidebar-style":"default","ast-global-header-display":"","ast-banner-title-visibility":"","ast-main-header-display":"","ast-hfb-above-header-display":"","ast-hfb-below-header-display":"","ast-hfb-mobile-header-display":"","site-post-title":"disabled","ast-breadcrumbs-content":"","ast-featured-img":"disabled","footer-sml-layout":"","theme-transparent-header-meta":"default","adv-header-id-meta":"","stick-header-meta":"","header-above-stick-meta":"","header-main-stick-meta":"","header-below-stick-meta":"","astra-migrate-meta-layouts":"default","ast-page-background-enabled":"default","ast-page-background-meta":{"desktop":{"background-color":"","background-image":"","background-repeat":"repeat","background-position":"center center","background-size":"auto","background-attachment":"scroll","background-type":"","background-media":"","overlay-type":"","overlay-color":"","overlay-opacity":"","overlay-gradient":""},"tablet":{"background-color":"","background-image":"","background-repeat":"repeat","background-position":"center center","background-size":"auto","background-attachment":"scroll","background-type":"","background-media":"","overlay-type":"","overlay-color":"","overlay-opacity":"","overlay-gradient":""},"mobile":{"background-color":"","background-image":"","background-repeat":"repeat","background-position":"center center","background-size":"auto","background-attachment":"scroll","background-type":"","background-media":"","overlay-type":"","overlay-color":"","overlay-opacity":"","overlay-gradient":""}},"ast-content-background-meta":{"desktop":{"background-color":"var(--ast-global-color-5)","background-image":"","background-repeat":"repeat","background-position":"center center","background-size":"auto","background-attachment":"scroll","background-type":"","background-media":"","overlay-type":"","overlay-color":"","overlay-opacity":"","overlay-gradient":""},"tablet":{"background-color":"var(--ast-global-color-5)","background-image":"","background-repeat":"repeat","background-position":"center center","background-size":"auto","background-attachment":"scroll","background-type":"","background-media":"","overlay-type":"","overlay-color":"","overlay-opacity":"","overlay-gradient":""},"mobile":{"background-color":"var(--ast-global-color-5)","background-image":"","background-repeat":"repeat","background-position":"center center","background-size":"auto","background-attachment":"scroll","background-type":"","background-media":"","overlay-type":"","overlay-color":"","overlay-opacity":"","overlay-gradient":""}},"footnotes":""},"class_list":["post-4233","page","type-page","status-publish","hentry"],"yoast_head":"<!-- This site is optimized with the Yoast SEO plugin v27.4 - https:\/\/yoast.com\/product\/yoast-seo-wordpress\/ -->\n<title>Halil Hamza Petrol - K-Pet petrolleri<\/title>\n<meta name=\"robots\" content=\"index, follow, max-snippet:-1, max-image-preview:large, max-video-preview:-1\" \/>\n<link rel=\"canonical\" href=\"https:\/\/ktpetrolleri.com\/halil_hamza_petrol\/\" \/>\n<meta property=\"og:locale\" content=\"en_US\" \/>\n<meta property=\"og:type\" content=\"article\" \/>\n<meta property=\"og:title\" content=\"Halil Hamza Petrol - K-Pet petrolleri\" \/>\n<meta property=\"og:description\" content=\"Halil Hamza Petrol Halil Hamza Petrol address: Dervi\u015f Vaiz Street 99500 Famagusta Telephone: 0392 364 92 30 e-mail\" \/>\n<meta property=\"og:url\" content=\"https:\/\/ktpetrolleri.com\/halil_hamza_petrol\/\" \/>\n<meta property=\"og:site_name\" content=\"K-Pet petrolleri\" \/>\n<meta property=\"article:modified_time\" content=\"2022-09-05T23:53:54+00:00\" \/>\n<meta property=\"og:image\" content=\"https:\/\/ktpetrolleri.com\/wp-content\/uploads\/2021\/10\/phone1-min-688x1024.png\" \/>\n<meta name=\"twitter:card\" content=\"summary_large_image\" \/>\n<script type=\"application\/ld+json\" class=\"yoast-schema-graph\">{\"@context\":\"https:\\\/\\\/schema.org\",\"@graph\":[{\"@type\":\"WebPage\",\"@id\":\"https:\\\/\\\/ktpetrolleri.com\\\/halil_hamza_petrol\\\/\",\"url\":\"https:\\\/\\\/ktpetrolleri.com\\\/halil_hamza_petrol\\\/\",\"name\":\"Halil Hamza Petrol - K-Pet petrolleri\",\"isPartOf\":{\"@id\":\"https:\\\/\\\/ktpetrolleri.com\\\/#website\"},\"primaryImageOfPage\":{\"@id\":\"https:\\\/\\\/ktpetrolleri.com\\\/halil_hamza_petrol\\\/#primaryimage\"},\"image\":{\"@id\":\"https:\\\/\\\/ktpetrolleri.com\\\/halil_hamza_petrol\\\/#primaryimage\"},\"thumbnailUrl\":\"https:\\\/\\\/ktpetrolleri.com\\\/wp-content\\\/uploads\\\/2021\\\/10\\\/phone1-min-688x1024.png\",\"datePublished\":\"2022-04-25T09:40:47+00:00\",\"dateModified\":\"2022-09-05T23:53:54+00:00\",\"breadcrumb\":{\"@id\":\"https:\\\/\\\/ktpetrolleri.com\\\/halil_hamza_petrol\\\/#breadcrumb\"},\"inLanguage\":\"en-US\",\"potentialAction\":[{\"@type\":\"ReadAction\",\"target\":[\"https:\\\/\\\/ktpetrolleri.com\\\/halil_hamza_petrol\\\/\"]}]},{\"@type\":\"ImageObject\",\"inLanguage\":\"en-US\",\"@id\":\"https:\\\/\\\/ktpetrolleri.com\\\/halil_hamza_petrol\\\/#primaryimage\",\"url\":\"https:\\\/\\\/ktpetrolleri.com\\\/wp-content\\\/uploads\\\/2021\\\/10\\\/phone1-min-688x1024.png\",\"contentUrl\":\"https:\\\/\\\/ktpetrolleri.com\\\/wp-content\\\/uploads\\\/2021\\\/10\\\/phone1-min-688x1024.png\"},{\"@type\":\"BreadcrumbList\",\"@id\":\"https:\\\/\\\/ktpetrolleri.com\\\/halil_hamza_petrol\\\/#breadcrumb\",\"itemListElement\":[{\"@type\":\"ListItem\",\"position\":1,\"name\":\"Anasayfa\",\"item\":\"https:\\\/\\\/ktpetrolleri.com\\\/en\\\/\"},{\"@type\":\"ListItem\",\"position\":2,\"name\":\"Halil Hamza Petrol\"}]},{\"@type\":\"WebSite\",\"@id\":\"https:\\\/\\\/ktpetrolleri.com\\\/#website\",\"url\":\"https:\\\/\\\/ktpetrolleri.com\\\/\",\"name\":\"K-Pet petrolleri\",\"description\":\"\",\"publisher\":{\"@id\":\"https:\\\/\\\/ktpetrolleri.com\\\/#organization\"},\"potentialAction\":[{\"@type\":\"SearchAction\",\"target\":{\"@type\":\"EntryPoint\",\"urlTemplate\":\"https:\\\/\\\/ktpetrolleri.com\\\/?s={search_term_string}\"},\"query-input\":{\"@type\":\"PropertyValueSpecification\",\"valueRequired\":true,\"valueName\":\"search_term_string\"}}],\"inLanguage\":\"en-US\"},{\"@type\":\"Organization\",\"@id\":\"https:\\\/\\\/ktpetrolleri.com\\\/#organization\",\"name\":\"K\u0131br\u0131s T\u00fcrk Petrolleri\",\"url\":\"https:\\\/\\\/ktpetrolleri.com\\\/\",\"logo\":{\"@type\":\"ImageObject\",\"inLanguage\":\"en-US\",\"@id\":\"https:\\\/\\\/ktpetrolleri.com\\\/#\\\/schema\\\/logo\\\/image\\\/\",\"url\":\"https:\\\/\\\/ktpetrolleri.com\\\/wp-content\\\/uploads\\\/2021\\\/10\\\/k-pet_logo_long.png\",\"contentUrl\":\"https:\\\/\\\/ktpetrolleri.com\\\/wp-content\\\/uploads\\\/2021\\\/10\\\/k-pet_logo_long.png\",\"width\":300,\"height\":101,\"caption\":\"K\u0131br\u0131s T\u00fcrk Petrolleri\"},\"image\":{\"@id\":\"https:\\\/\\\/ktpetrolleri.com\\\/#\\\/schema\\\/logo\\\/image\\\/\"}}]}<\/script>\n<!-- \/ Yoast SEO plugin. -->","yoast_head_json":{"title":"Halil Hamza Petrol - K-Pet petrolleri","robots":{"index":"index","follow":"follow","max-snippet":"max-snippet:-1","max-image-preview":"max-image-preview:large","max-video-preview":"max-video-preview:-1"},"canonical":"https:\/\/ktpetrolleri.com\/halil_hamza_petrol\/","og_locale":"en_US","og_type":"article","og_title":"Halil Hamza Petrol - K-Pet petrolleri","og_description":"Halil Hamza Petrol Halil Hamza Petrol address: Dervi\u015f Vaiz Street 99500 Famagusta Telephone: 0392 364 92 30 e-mail","og_url":"https:\/\/ktpetrolleri.com\/halil_hamza_petrol\/","og_site_name":"K-Pet petrolleri","article_modified_time":"2022-09-05T23:53:54+00:00","og_image":[{"url":"https:\/\/ktpetrolleri.com\/wp-content\/uploads\/2021\/10\/phone1-min-688x1024.png","type":"","width":"","height":""}],"twitter_card":"summary_large_image","schema":{"@context":"https:\/\/schema.org","@graph":[{"@type":"WebPage","@id":"https:\/\/ktpetrolleri.com\/halil_hamza_petrol\/","url":"https:\/\/ktpetrolleri.com\/halil_hamza_petrol\/","name":"Halil Hamza Petrol - K-Pet petrolleri","isPartOf":{"@id":"https:\/\/ktpetrolleri.com\/#website"},"primaryImageOfPage":{"@id":"https:\/\/ktpetrolleri.com\/halil_hamza_petrol\/#primaryimage"},"image":{"@id":"https:\/\/ktpetrolleri.com\/halil_hamza_petrol\/#primaryimage"},"thumbnailUrl":"https:\/\/ktpetrolleri.com\/wp-content\/uploads\/2021\/10\/phone1-min-688x1024.png","datePublished":"2022-04-25T09:40:47+00:00","dateModified":"2022-09-05T23:53:54+00:00","breadcrumb":{"@id":"https:\/\/ktpetrolleri.com\/halil_hamza_petrol\/#breadcrumb"},"inLanguage":"en-US","potentialAction":[{"@type":"ReadAction","target":["https:\/\/ktpetrolleri.com\/halil_hamza_petrol\/"]}]},{"@type":"ImageObject","inLanguage":"en-US","@id":"https:\/\/ktpetrolleri.com\/halil_hamza_petrol\/#primaryimage","url":"https:\/\/ktpetrolleri.com\/wp-content\/uploads\/2021\/10\/phone1-min-688x1024.png","contentUrl":"https:\/\/ktpetrolleri.com\/wp-content\/uploads\/2021\/10\/phone1-min-688x1024.png"},{"@type":"BreadcrumbList","@id":"https:\/\/ktpetrolleri.com\/halil_hamza_petrol\/#breadcrumb","itemListElement":[{"@type":"ListItem","position":1,"name":"Anasayfa","item":"https:\/\/ktpetrolleri.com\/en\/"},{"@type":"ListItem","position":2,"name":"Halil Hamza Petrol"}]},{"@type":"WebSite","@id":"https:\/\/ktpetrolleri.com\/#website","url":"https:\/\/ktpetrolleri.com\/","name":"K-Pet petrolleri","description":"","publisher":{"@id":"https:\/\/ktpetrolleri.com\/#organization"},"potentialAction":[{"@type":"SearchAction","target":{"@type":"EntryPoint","urlTemplate":"https:\/\/ktpetrolleri.com\/?s={search_term_string}"},"query-input":{"@type":"PropertyValueSpecification","valueRequired":true,"valueName":"search_term_string"}}],"inLanguage":"en-US"},{"@type":"Organization","@id":"https:\/\/ktpetrolleri.com\/#organization","name":"K\u0131br\u0131s T\u00fcrk Petrolleri","url":"https:\/\/ktpetrolleri.com\/","logo":{"@type":"ImageObject","inLanguage":"en-US","@id":"https:\/\/ktpetrolleri.com\/#\/schema\/logo\/image\/","url":"https:\/\/ktpetrolleri.com\/wp-content\/uploads\/2021\/10\/k-pet_logo_long.png","contentUrl":"https:\/\/ktpetrolleri.com\/wp-content\/uploads\/2021\/10\/k-pet_logo_long.png","width":300,"height":101,"caption":"K\u0131br\u0131s T\u00fcrk Petrolleri"},"image":{"@id":"https:\/\/ktpetrolleri.com\/#\/schema\/logo\/image\/"}}]}},"_links":{"self":[{"href":"https:\/\/ktpetrolleri.com\/en\/wp-json\/wp\/v2\/pages\/4233","targetHints":{"allow":["GET"]}}],"collection":[{"href":"https:\/\/ktpetrolleri.com\/en\/wp-json\/wp\/v2\/pages"}],"about":[{"href":"https:\/\/ktpetrolleri.com\/en\/wp-json\/wp\/v2\/types\/page"}],"author":[{"embeddable":true,"href":"https:\/\/ktpetrolleri.com\/en\/wp-json\/wp\/v2\/users\/8"}],"replies":[{"embeddable":true,"href":"https:\/\/ktpetrolleri.com\/en\/wp-json\/wp\/v2\/comments?post=4233"}],"version-history":[{"count":2,"href":"https:\/\/ktpetrolleri.com\/en\/wp-json\/wp\/v2\/pages\/4233\/revisions"}],"predecessor-version":[{"id":4562,"href":"https:\/\/ktpetrolleri.com\/en\/wp-json\/wp\/v2\/pages\/4233\/revisions\/4562"}],"wp:attachment":[{"href":"https:\/\/ktpetrolleri.com\/en\/wp-json\/wp\/v2\/media?parent=4233"}],"curies":[{"name":"wp","href":"https:\/\/api.w.org\/{rel}","templated":true}]}}