{"id":4285,"date":"2022-04-22T14:28:13","date_gmt":"2022-04-22T14:28:13","guid":{"rendered":"https:\/\/ktpetrolleri.com\/zumrutkoy-petrol-istasyonu\/"},"modified":"2022-12-21T21:41:14","modified_gmt":"2022-12-21T21:41:14","slug":"zumrutkoy-petrol-istasyonu","status":"publish","type":"page","link":"https:\/\/ktpetrolleri.com\/en\/zumrutkoy-petrol-istasyonu\/","title":{"rendered":"Z\u00fcmr\u00fctk\u00f6y Petrol \u0130stasyonu"},"content":{"rendered":"\t\t<div data-elementor-type=\"wp-post\" data-elementor-id=\"4285\" class=\"elementor elementor-4285 elementor-3343\" data-elementor-post-type=\"page\">\n\t\t\t\t\t\t<section class=\"elementor-section elementor-top-section elementor-element elementor-element-95c10c0 elementor-section-boxed elementor-section-height-default elementor-section-height-default\" data-id=\"95c10c0\" data-element_type=\"section\" data-e-type=\"section\" data-settings=\"{&quot;background_background&quot;:&quot;classic&quot;}\">\n\t\t\t\t\t\t\t<div class=\"elementor-background-overlay\"><\/div>\n\t\t\t\t\t\t\t<div class=\"elementor-container elementor-column-gap-default\">\n\t\t\t\t\t<div class=\"elementor-column elementor-col-100 elementor-top-column elementor-element elementor-element-8f4e074\" data-id=\"8f4e074\" data-element_type=\"column\" data-e-type=\"column\">\n\t\t\t<div class=\"elementor-widget-wrap elementor-element-populated\">\n\t\t\t\t\t\t<div class=\"elementor-element elementor-element-fbe535a elementor-widget elementor-widget-heading\" data-id=\"fbe535a\" data-element_type=\"widget\" data-e-type=\"widget\" data-widget_type=\"heading.default\">\n\t\t\t\t<div class=\"elementor-widget-container\">\n\t\t\t\t\t<h1 class=\"elementor-heading-title elementor-size-default\">Z\u00fcmr\u00fctk\u00f6y Petrol \u0130stasyonu<\/h1>\t\t\t\t<\/div>\n\t\t\t\t<\/div>\n\t\t\t\t\t<\/div>\n\t\t<\/div>\n\t\t\t\t\t<\/div>\n\t\t<\/section>\n\t\t\t\t<section class=\"elementor-section elementor-top-section elementor-element elementor-element-73ac603 elementor-reverse-mobile elementor-section-boxed elementor-section-height-default elementor-section-height-default\" data-id=\"73ac603\" data-element_type=\"section\" data-e-type=\"section\" data-settings=\"{&quot;shape_divider_top&quot;:&quot;triangle-asymmetrical&quot;}\">\n\t\t\t\t\t<div class=\"elementor-shape elementor-shape-top\" aria-hidden=\"true\" data-negative=\"false\">\n\t\t\t<svg xmlns=\"http:\/\/www.w3.org\/2000\/svg\" viewBox=\"0 0 1000 100\" preserveAspectRatio=\"none\">\n\t<path class=\"elementor-shape-fill\" d=\"M738,99l262-93V0H0v5.6L738,99z\"\/>\n<\/svg>\t\t<\/div>\n\t\t\t\t\t<div class=\"elementor-container elementor-column-gap-default\">\n\t\t\t\t\t<div class=\"elementor-column elementor-col-50 elementor-top-column elementor-element elementor-element-18fa329\" data-id=\"18fa329\" data-element_type=\"column\" data-e-type=\"column\">\n\t\t\t<div class=\"elementor-widget-wrap elementor-element-populated\">\n\t\t\t\t\t\t<div class=\"elementor-element elementor-element-5b4d04b elementor-widget elementor-widget-image\" data-id=\"5b4d04b\" data-element_type=\"widget\" data-e-type=\"widget\" data-settings=\"{&quot;motion_fx_motion_fx_mouse&quot;:&quot;yes&quot;,&quot;motion_fx_tilt_effect&quot;:&quot;yes&quot;,&quot;motion_fx_tilt_direction&quot;:&quot;negative&quot;,&quot;motion_fx_tilt_speed&quot;:{&quot;unit&quot;:&quot;px&quot;,&quot;size&quot;:2,&quot;sizes&quot;:[]}}\" data-widget_type=\"image.default\">\n\t\t\t\t<div class=\"elementor-widget-container\">\n\t\t\t\t\t\t\t\t\t\t\t\t\t\t\t<img fetchpriority=\"high\" decoding=\"async\" width=\"688\" height=\"1024\" src=\"https:\/\/ktpetrolleri.com\/wp-content\/uploads\/2022\/09\/phone1-min-eng-688x1024.png\" class=\"attachment-large size-large wp-image-4005\" alt=\"\" srcset=\"https:\/\/ktpetrolleri.com\/wp-content\/uploads\/2022\/09\/phone1-min-eng-688x1024.png 688w, https:\/\/ktpetrolleri.com\/wp-content\/uploads\/2022\/09\/phone1-min-eng-202x300.png 202w, https:\/\/ktpetrolleri.com\/wp-content\/uploads\/2022\/09\/phone1-min-eng-768x1143.png 768w, https:\/\/ktpetrolleri.com\/wp-content\/uploads\/2022\/09\/phone1-min-eng.png 1000w\" sizes=\"(max-width: 688px) 100vw, 688px\" \/>\t\t\t\t\t\t\t\t\t\t\t\t\t\t\t<\/div>\n\t\t\t\t<\/div>\n\t\t\t\t\t<\/div>\n\t\t<\/div>\n\t\t\t\t<div class=\"elementor-column elementor-col-50 elementor-top-column elementor-element elementor-element-13ae1d1\" data-id=\"13ae1d1\" data-element_type=\"column\" data-e-type=\"column\">\n\t\t\t<div class=\"elementor-widget-wrap elementor-element-populated\">\n\t\t\t\t\t\t<div class=\"elementor-element elementor-element-a13f45b elementor-widget elementor-widget-heading\" data-id=\"a13f45b\" data-element_type=\"widget\" data-e-type=\"widget\" data-widget_type=\"heading.default\">\n\t\t\t\t<div class=\"elementor-widget-container\">\n\t\t\t\t\t<h2 class=\"elementor-heading-title elementor-size-default\">\u00c7i\u011fdem Trading Ltd.<\/h2>\t\t\t\t<\/div>\n\t\t\t\t<\/div>\n\t\t\t\t<section class=\"elementor-section elementor-inner-section elementor-element elementor-element-27b555c elementor-section-boxed elementor-section-height-default elementor-section-height-default\" data-id=\"27b555c\" data-element_type=\"section\" data-e-type=\"section\">\n\t\t\t\t\t\t<div class=\"elementor-container elementor-column-gap-default\">\n\t\t\t\t\t<div class=\"elementor-column elementor-col-50 elementor-inner-column elementor-element elementor-element-e248d98\" data-id=\"e248d98\" data-element_type=\"column\" data-e-type=\"column\">\n\t\t\t<div class=\"elementor-widget-wrap elementor-element-populated\">\n\t\t\t\t\t\t<div class=\"elementor-element elementor-element-cb5dfe0 elementor-widget elementor-widget-uael-infobox\" data-id=\"cb5dfe0\" data-element_type=\"widget\" data-e-type=\"widget\" data-widget_type=\"uael-infobox.default\">\n\t\t\t\t<div class=\"elementor-widget-container\">\n\t\t\t\t\t\n<div class=\"uael-module-content uael-infobox uael-imgicon-style-normal  uael-infobox-left  infobox-has-icon uael-infobox-icon-above-title  uael-infobox-link-type-none\">\n\t<div class=\"uael-infobox-left-right-wrap\">\n\t\t\t\t\t\t<div class=\"uael-infobox-content\">\n\t\t\t\t\t\t\t<div class=\"uael-module-content uael-imgicon-wrap \">\t\t\t\t\t\t\t\t\t\t\t\n\t\t\t\t\t\t\t\t\t\t\t\t\t\t<\/div>\n\t\t\t\t\t\t\t<div class='uael-infobox-title-wrap'><h3 class=\"uael-infobox-title elementor-inline-editing\" data-elementor-setting-key=\"infobox_title\" data-elementor-inline-editing-toolbar=\"basic\" >address:<\/h3><\/div>\t\t\t\t\t\t\t\t\t<div class=\"uael-infobox-text-wrap\">\n\t\t\t\t<div class=\"uael-infobox-text elementor-inline-editing\" data-elementor-setting-key=\"infobox_description\" data-elementor-inline-editing-toolbar=\"advanced\">\n\t\t\t\t\t53G3+7GJ, Z\u00fcmr\u00fctk\u00f6y 99750\t\t\t\t<\/div>\n\t\t\t\t\t\n\t\t\t\t\t\t\t<\/div>\n\t\t<\/div>\n\t\t\t<\/div>\n<\/div>\n\t\t\t\t<\/div>\n\t\t\t\t<\/div>\n\t\t\t\t<div class=\"elementor-element elementor-element-a21498c elementor-widget elementor-widget-uael-infobox\" data-id=\"a21498c\" data-element_type=\"widget\" data-e-type=\"widget\" data-widget_type=\"uael-infobox.default\">\n\t\t\t\t<div class=\"elementor-widget-container\">\n\t\t\t\t\t\n<div class=\"uael-module-content uael-infobox uael-imgicon-style-normal  uael-infobox-left  infobox-has-icon uael-infobox-icon-above-title  uael-infobox-link-type-none\">\n\t<div class=\"uael-infobox-left-right-wrap\">\n\t\t\t\t\t\t<div class=\"uael-infobox-content\">\n\t\t\t\t\t\t\t<div class=\"uael-module-content uael-imgicon-wrap \">\t\t\t\t\t\t\t\t\t\t\t\n\t\t\t\t\t\t\t\t\t\t\t\t\t\t<\/div>\n\t\t\t\t\t\t\t<div class='uael-infobox-title-wrap'><h3 class=\"uael-infobox-title elementor-inline-editing\" data-elementor-setting-key=\"infobox_title\" data-elementor-inline-editing-toolbar=\"basic\" >Telephone:<\/h3><\/div>\t\t\t\t\t\t\t\t\t<div class=\"uael-infobox-text-wrap\">\n\t\t\t\t<div class=\"uael-infobox-text elementor-inline-editing\" data-elementor-setting-key=\"infobox_description\" data-elementor-inline-editing-toolbar=\"advanced\">\n\t\t\t\t\t0392 725 74 64 <p> 0542 859 14 45\t\t\t\t<\/div>\n\t\t\t\t\t\n\t\t\t\t\t\t\t<\/div>\n\t\t<\/div>\n\t\t\t<\/div>\n<\/div>\n\t\t\t\t<\/div>\n\t\t\t\t<\/div>\n\t\t\t\t<div class=\"elementor-element elementor-element-0581158 elementor-widget elementor-widget-uael-infobox\" data-id=\"0581158\" data-element_type=\"widget\" data-e-type=\"widget\" data-widget_type=\"uael-infobox.default\">\n\t\t\t\t<div class=\"elementor-widget-container\">\n\t\t\t\t\t\n<div class=\"uael-module-content uael-infobox uael-imgicon-style-normal  uael-infobox-left  infobox-has-icon uael-infobox-icon-above-title  uael-infobox-link-type-none\">\n\t<div class=\"uael-infobox-left-right-wrap\">\n\t\t\t\t\t\t<div class=\"uael-infobox-content\">\n\t\t\t\t\t\t\t<div class=\"uael-module-content uael-imgicon-wrap \">\t\t\t\t\t\t\t\t\t\t\t\n\t\t\t\t\t\t\t\t\t\t\t\t\t\t<\/div>\n\t\t\t\t\t\t\t<div class='uael-infobox-title-wrap'><h3 class=\"uael-infobox-title elementor-inline-editing\" data-elementor-setting-key=\"infobox_title\" data-elementor-inline-editing-toolbar=\"basic\" >e-mail<\/h3><\/div>\t\t\t\t\t\t\t\t\t<div class=\"uael-infobox-text-wrap\">\n\t\t\t\t<div class=\"uael-infobox-text elementor-inline-editing\" data-elementor-setting-key=\"infobox_description\" data-elementor-inline-editing-toolbar=\"advanced\">\n\t\t\t\t\t\t\t\t\t<\/div>\n\t\t\t\t\t\n\t\t\t\t\t\t\t<\/div>\n\t\t<\/div>\n\t\t\t<\/div>\n<\/div>\n\t\t\t\t<\/div>\n\t\t\t\t<\/div>\n\t\t\t\t\t<\/div>\n\t\t<\/div>\n\t\t\t\t<div class=\"elementor-column elementor-col-50 elementor-inner-column elementor-element elementor-element-307f410\" data-id=\"307f410\" data-element_type=\"column\" data-e-type=\"column\">\n\t\t\t<div class=\"elementor-widget-wrap elementor-element-populated\">\n\t\t\t\t\t\t<div class=\"elementor-element elementor-element-81d7dcd elementor-widget elementor-widget-image\" data-id=\"81d7dcd\" data-element_type=\"widget\" data-e-type=\"widget\" data-widget_type=\"image.default\">\n\t\t\t\t<div class=\"elementor-widget-container\">\n\t\t\t\t\t\t\t\t\t\t\t\t\t\t\t<img decoding=\"async\" width=\"1024\" height=\"768\" src=\"https:\/\/ktpetrolleri.com\/wp-content\/uploads\/2022\/04\/Zumrutkoy_Petrol.jpeg\" class=\"attachment-large size-large wp-image-4135\" alt=\"\" srcset=\"https:\/\/ktpetrolleri.com\/wp-content\/uploads\/2022\/04\/Zumrutkoy_Petrol.jpeg 1024w, https:\/\/ktpetrolleri.com\/wp-content\/uploads\/2022\/04\/Zumrutkoy_Petrol-300x225.jpeg 300w, https:\/\/ktpetrolleri.com\/wp-content\/uploads\/2022\/04\/Zumrutkoy_Petrol-768x576.jpeg 768w\" sizes=\"(max-width: 1024px) 100vw, 1024px\" \/>\t\t\t\t\t\t\t\t\t\t\t\t\t\t\t<\/div>\n\t\t\t\t<\/div>\n\t\t\t\t\t<\/div>\n\t\t<\/div>\n\t\t\t\t\t<\/div>\n\t\t<\/section>\n\t\t\t\t<div class=\"elementor-element elementor-element-44c950e elementor-widget elementor-widget-html\" data-id=\"44c950e\" data-element_type=\"widget\" data-e-type=\"widget\" data-widget_type=\"html.default\">\n\t\t\t\t<div class=\"elementor-widget-container\">\n\t\t\t\t\t<iframe src=\"https:\/\/www.google.com\/maps\/embed?pb=!1m14!1m8!1m3!1d3556.405836865309!2d33.05320150271181!3d35.175608600614154!3m2!1i1024!2i768!4f13.1!3m3!1m2!1s0x14ddfe74f44c2417%3A0x4af231e3cca10062!2zSy1wZXQgWsO8bXLDvHRrw7Z5IFBldHJvbCDEsHN0YXN5b251!5e0!3m2!1str!2s!4v1650638161840!5m2!1str!2s\" width=\"600\" height=\"450\" style=\"border:0;\" allowfullscreen=\"\" loading=\"lazy\" referrerpolicy=\"no-referrer-when-downgrade\"><\/iframe>\t\t\t\t<\/div>\n\t\t\t\t<\/div>\n\t\t\t\t\t<\/div>\n\t\t<\/div>\n\t\t\t\t\t<\/div>\n\t\t<\/section>\n\t\t\t\t<\/div>\n\t\t","protected":false},"excerpt":{"rendered":"<p>Z\u00fcmr\u00fctk\u00f6y Petrol \u0130stasyonu \u00c7i\u011fdem Trading Ltd. address: 53G3+7GJ, Z\u00fcmr\u00fctk\u00f6y 99750 Telephone: 0392 725 74 64 0542 859 14 45 e-mail<\/p>\n","protected":false},"author":8,"featured_media":0,"parent":0,"menu_order":0,"comment_status":"closed","ping_status":"closed","template":"","meta":{"site-sidebar-layout":"no-sidebar","site-content-layout":"page-builder","ast-site-content-layout":"default","site-content-style":"default","site-sidebar-style":"default","ast-global-header-display":"","ast-banner-title-visibility":"","ast-main-header-display":"","ast-hfb-above-header-display":"","ast-hfb-below-header-display":"","ast-hfb-mobile-header-display":"","site-post-title":"disabled","ast-breadcrumbs-content":"","ast-featured-img":"disabled","footer-sml-layout":"","theme-transparent-header-meta":"default","adv-header-id-meta":"","stick-header-meta":"","header-above-stick-meta":"","header-main-stick-meta":"","header-below-stick-meta":"","astra-migrate-meta-layouts":"default","ast-page-background-enabled":"default","ast-page-background-meta":{"desktop":{"background-color":"","background-image":"","background-repeat":"repeat","background-position":"center center","background-size":"auto","background-attachment":"scroll","background-type":"","background-media":"","overlay-type":"","overlay-color":"","overlay-opacity":"","overlay-gradient":""},"tablet":{"background-color":"","background-image":"","background-repeat":"repeat","background-position":"center center","background-size":"auto","background-attachment":"scroll","background-type":"","background-media":"","overlay-type":"","overlay-color":"","overlay-opacity":"","overlay-gradient":""},"mobile":{"background-color":"","background-image":"","background-repeat":"repeat","background-position":"center center","background-size":"auto","background-attachment":"scroll","background-type":"","background-media":"","overlay-type":"","overlay-color":"","overlay-opacity":"","overlay-gradient":""}},"ast-content-background-meta":{"desktop":{"background-color":"var(--ast-global-color-5)","background-image":"","background-repeat":"repeat","background-position":"center center","background-size":"auto","background-attachment":"scroll","background-type":"","background-media":"","overlay-type":"","overlay-color":"","overlay-opacity":"","overlay-gradient":""},"tablet":{"background-color":"var(--ast-global-color-5)","background-image":"","background-repeat":"repeat","background-position":"center center","background-size":"auto","background-attachment":"scroll","background-type":"","background-media":"","overlay-type":"","overlay-color":"","overlay-opacity":"","overlay-gradient":""},"mobile":{"background-color":"var(--ast-global-color-5)","background-image":"","background-repeat":"repeat","background-position":"center center","background-size":"auto","background-attachment":"scroll","background-type":"","background-media":"","overlay-type":"","overlay-color":"","overlay-opacity":"","overlay-gradient":""}},"footnotes":""},"class_list":["post-4285","page","type-page","status-publish","hentry"],"yoast_head":"<!-- This site is optimized with the Yoast SEO plugin v27.5 - https:\/\/yoast.com\/product\/yoast-seo-wordpress\/ -->\n<title>Z\u00fcmr\u00fctk\u00f6y Petrol \u0130stasyonu - K-Pet petrolleri<\/title>\n<meta name=\"robots\" content=\"index, follow, max-snippet:-1, max-image-preview:large, max-video-preview:-1\" \/>\n<link rel=\"canonical\" href=\"https:\/\/ktpetrolleri.com\/zumrutkoy-petrol\/\" \/>\n<meta property=\"og:locale\" content=\"en_US\" \/>\n<meta property=\"og:type\" content=\"article\" \/>\n<meta property=\"og:title\" content=\"Z\u00fcmr\u00fctk\u00f6y Petrol \u0130stasyonu - K-Pet petrolleri\" \/>\n<meta property=\"og:description\" content=\"Z\u00fcmr\u00fctk\u00f6y Petrol \u0130stasyonu \u00c7i\u011fdem Trading Ltd. address: 53G3+7GJ, Z\u00fcmr\u00fctk\u00f6y 99750 Telephone: 0392 725 74 64 0542 859 14 45 e-mail\" \/>\n<meta property=\"og:url\" content=\"https:\/\/ktpetrolleri.com\/zumrutkoy-petrol\/\" \/>\n<meta property=\"og:site_name\" content=\"K-Pet petrolleri\" \/>\n<meta property=\"article:modified_time\" content=\"2022-12-21T21:41:14+00:00\" \/>\n<meta property=\"og:image\" content=\"https:\/\/ktpetrolleri.com\/wp-content\/uploads\/2021\/10\/phone1-min-688x1024.png\" \/>\n<meta name=\"twitter:card\" content=\"summary_large_image\" \/>\n<script type=\"application\/ld+json\" class=\"yoast-schema-graph\">{\"@context\":\"https:\\\/\\\/schema.org\",\"@graph\":[{\"@type\":\"WebPage\",\"@id\":\"https:\\\/\\\/ktpetrolleri.com\\\/zumrutkoy-petrol\\\/\",\"url\":\"https:\\\/\\\/ktpetrolleri.com\\\/zumrutkoy-petrol\\\/\",\"name\":\"Z\u00fcmr\u00fctk\u00f6y Petrol \u0130stasyonu - K-Pet petrolleri\",\"isPartOf\":{\"@id\":\"https:\\\/\\\/ktpetrolleri.com\\\/#website\"},\"primaryImageOfPage\":{\"@id\":\"https:\\\/\\\/ktpetrolleri.com\\\/zumrutkoy-petrol\\\/#primaryimage\"},\"image\":{\"@id\":\"https:\\\/\\\/ktpetrolleri.com\\\/zumrutkoy-petrol\\\/#primaryimage\"},\"thumbnailUrl\":\"https:\\\/\\\/ktpetrolleri.com\\\/wp-content\\\/uploads\\\/2021\\\/10\\\/phone1-min-688x1024.png\",\"datePublished\":\"2022-04-22T14:28:13+00:00\",\"dateModified\":\"2022-12-21T21:41:14+00:00\",\"breadcrumb\":{\"@id\":\"https:\\\/\\\/ktpetrolleri.com\\\/zumrutkoy-petrol\\\/#breadcrumb\"},\"inLanguage\":\"en-US\",\"potentialAction\":[{\"@type\":\"ReadAction\",\"target\":[\"https:\\\/\\\/ktpetrolleri.com\\\/zumrutkoy-petrol\\\/\"]}]},{\"@type\":\"ImageObject\",\"inLanguage\":\"en-US\",\"@id\":\"https:\\\/\\\/ktpetrolleri.com\\\/zumrutkoy-petrol\\\/#primaryimage\",\"url\":\"https:\\\/\\\/ktpetrolleri.com\\\/wp-content\\\/uploads\\\/2021\\\/10\\\/phone1-min-688x1024.png\",\"contentUrl\":\"https:\\\/\\\/ktpetrolleri.com\\\/wp-content\\\/uploads\\\/2021\\\/10\\\/phone1-min-688x1024.png\"},{\"@type\":\"BreadcrumbList\",\"@id\":\"https:\\\/\\\/ktpetrolleri.com\\\/zumrutkoy-petrol\\\/#breadcrumb\",\"itemListElement\":[{\"@type\":\"ListItem\",\"position\":1,\"name\":\"Anasayfa\",\"item\":\"https:\\\/\\\/ktpetrolleri.com\\\/en\\\/\"},{\"@type\":\"ListItem\",\"position\":2,\"name\":\"Z\u00fcmr\u00fctk\u00f6y Petrol \u0130stasyonu\"}]},{\"@type\":\"WebSite\",\"@id\":\"https:\\\/\\\/ktpetrolleri.com\\\/#website\",\"url\":\"https:\\\/\\\/ktpetrolleri.com\\\/\",\"name\":\"K-Pet petrolleri\",\"description\":\"\",\"publisher\":{\"@id\":\"https:\\\/\\\/ktpetrolleri.com\\\/#organization\"},\"potentialAction\":[{\"@type\":\"SearchAction\",\"target\":{\"@type\":\"EntryPoint\",\"urlTemplate\":\"https:\\\/\\\/ktpetrolleri.com\\\/?s={search_term_string}\"},\"query-input\":{\"@type\":\"PropertyValueSpecification\",\"valueRequired\":true,\"valueName\":\"search_term_string\"}}],\"inLanguage\":\"en-US\"},{\"@type\":\"Organization\",\"@id\":\"https:\\\/\\\/ktpetrolleri.com\\\/#organization\",\"name\":\"K\u0131br\u0131s T\u00fcrk Petrolleri\",\"url\":\"https:\\\/\\\/ktpetrolleri.com\\\/\",\"logo\":{\"@type\":\"ImageObject\",\"inLanguage\":\"en-US\",\"@id\":\"https:\\\/\\\/ktpetrolleri.com\\\/#\\\/schema\\\/logo\\\/image\\\/\",\"url\":\"https:\\\/\\\/ktpetrolleri.com\\\/wp-content\\\/uploads\\\/2021\\\/10\\\/k-pet_logo_long.png\",\"contentUrl\":\"https:\\\/\\\/ktpetrolleri.com\\\/wp-content\\\/uploads\\\/2021\\\/10\\\/k-pet_logo_long.png\",\"width\":300,\"height\":101,\"caption\":\"K\u0131br\u0131s T\u00fcrk Petrolleri\"},\"image\":{\"@id\":\"https:\\\/\\\/ktpetrolleri.com\\\/#\\\/schema\\\/logo\\\/image\\\/\"}}]}<\/script>\n<!-- \/ Yoast SEO plugin. -->","yoast_head_json":{"title":"Z\u00fcmr\u00fctk\u00f6y Petrol \u0130stasyonu - K-Pet petrolleri","robots":{"index":"index","follow":"follow","max-snippet":"max-snippet:-1","max-image-preview":"max-image-preview:large","max-video-preview":"max-video-preview:-1"},"canonical":"https:\/\/ktpetrolleri.com\/zumrutkoy-petrol\/","og_locale":"en_US","og_type":"article","og_title":"Z\u00fcmr\u00fctk\u00f6y Petrol \u0130stasyonu - K-Pet petrolleri","og_description":"Z\u00fcmr\u00fctk\u00f6y Petrol \u0130stasyonu \u00c7i\u011fdem Trading Ltd. address: 53G3+7GJ, Z\u00fcmr\u00fctk\u00f6y 99750 Telephone: 0392 725 74 64 0542 859 14 45 e-mail","og_url":"https:\/\/ktpetrolleri.com\/zumrutkoy-petrol\/","og_site_name":"K-Pet petrolleri","article_modified_time":"2022-12-21T21:41:14+00:00","og_image":[{"url":"https:\/\/ktpetrolleri.com\/wp-content\/uploads\/2021\/10\/phone1-min-688x1024.png","type":"","width":"","height":""}],"twitter_card":"summary_large_image","schema":{"@context":"https:\/\/schema.org","@graph":[{"@type":"WebPage","@id":"https:\/\/ktpetrolleri.com\/zumrutkoy-petrol\/","url":"https:\/\/ktpetrolleri.com\/zumrutkoy-petrol\/","name":"Z\u00fcmr\u00fctk\u00f6y Petrol \u0130stasyonu - K-Pet petrolleri","isPartOf":{"@id":"https:\/\/ktpetrolleri.com\/#website"},"primaryImageOfPage":{"@id":"https:\/\/ktpetrolleri.com\/zumrutkoy-petrol\/#primaryimage"},"image":{"@id":"https:\/\/ktpetrolleri.com\/zumrutkoy-petrol\/#primaryimage"},"thumbnailUrl":"https:\/\/ktpetrolleri.com\/wp-content\/uploads\/2021\/10\/phone1-min-688x1024.png","datePublished":"2022-04-22T14:28:13+00:00","dateModified":"2022-12-21T21:41:14+00:00","breadcrumb":{"@id":"https:\/\/ktpetrolleri.com\/zumrutkoy-petrol\/#breadcrumb"},"inLanguage":"en-US","potentialAction":[{"@type":"ReadAction","target":["https:\/\/ktpetrolleri.com\/zumrutkoy-petrol\/"]}]},{"@type":"ImageObject","inLanguage":"en-US","@id":"https:\/\/ktpetrolleri.com\/zumrutkoy-petrol\/#primaryimage","url":"https:\/\/ktpetrolleri.com\/wp-content\/uploads\/2021\/10\/phone1-min-688x1024.png","contentUrl":"https:\/\/ktpetrolleri.com\/wp-content\/uploads\/2021\/10\/phone1-min-688x1024.png"},{"@type":"BreadcrumbList","@id":"https:\/\/ktpetrolleri.com\/zumrutkoy-petrol\/#breadcrumb","itemListElement":[{"@type":"ListItem","position":1,"name":"Anasayfa","item":"https:\/\/ktpetrolleri.com\/en\/"},{"@type":"ListItem","position":2,"name":"Z\u00fcmr\u00fctk\u00f6y Petrol \u0130stasyonu"}]},{"@type":"WebSite","@id":"https:\/\/ktpetrolleri.com\/#website","url":"https:\/\/ktpetrolleri.com\/","name":"K-Pet petrolleri","description":"","publisher":{"@id":"https:\/\/ktpetrolleri.com\/#organization"},"potentialAction":[{"@type":"SearchAction","target":{"@type":"EntryPoint","urlTemplate":"https:\/\/ktpetrolleri.com\/?s={search_term_string}"},"query-input":{"@type":"PropertyValueSpecification","valueRequired":true,"valueName":"search_term_string"}}],"inLanguage":"en-US"},{"@type":"Organization","@id":"https:\/\/ktpetrolleri.com\/#organization","name":"K\u0131br\u0131s T\u00fcrk Petrolleri","url":"https:\/\/ktpetrolleri.com\/","logo":{"@type":"ImageObject","inLanguage":"en-US","@id":"https:\/\/ktpetrolleri.com\/#\/schema\/logo\/image\/","url":"https:\/\/ktpetrolleri.com\/wp-content\/uploads\/2021\/10\/k-pet_logo_long.png","contentUrl":"https:\/\/ktpetrolleri.com\/wp-content\/uploads\/2021\/10\/k-pet_logo_long.png","width":300,"height":101,"caption":"K\u0131br\u0131s T\u00fcrk Petrolleri"},"image":{"@id":"https:\/\/ktpetrolleri.com\/#\/schema\/logo\/image\/"}}]}},"_links":{"self":[{"href":"https:\/\/ktpetrolleri.com\/en\/wp-json\/wp\/v2\/pages\/4285","targetHints":{"allow":["GET"]}}],"collection":[{"href":"https:\/\/ktpetrolleri.com\/en\/wp-json\/wp\/v2\/pages"}],"about":[{"href":"https:\/\/ktpetrolleri.com\/en\/wp-json\/wp\/v2\/types\/page"}],"author":[{"embeddable":true,"href":"https:\/\/ktpetrolleri.com\/en\/wp-json\/wp\/v2\/users\/8"}],"replies":[{"embeddable":true,"href":"https:\/\/ktpetrolleri.com\/en\/wp-json\/wp\/v2\/comments?post=4285"}],"version-history":[{"count":4,"href":"https:\/\/ktpetrolleri.com\/en\/wp-json\/wp\/v2\/pages\/4285\/revisions"}],"predecessor-version":[{"id":5186,"href":"https:\/\/ktpetrolleri.com\/en\/wp-json\/wp\/v2\/pages\/4285\/revisions\/5186"}],"wp:attachment":[{"href":"https:\/\/ktpetrolleri.com\/en\/wp-json\/wp\/v2\/media?parent=4285"}],"curies":[{"name":"wp","href":"https:\/\/api.w.org\/{rel}","templated":true}]}}