{"id":4434,"date":"2021-10-08T17:17:31","date_gmt":"2021-10-08T17:17:31","guid":{"rendered":"https:\/\/ktpetrolleri.com\/air-transportation\/"},"modified":"2022-10-28T09:22:43","modified_gmt":"2022-10-28T09:22:43","slug":"air-transportation","status":"publish","type":"page","link":"https:\/\/ktpetrolleri.com\/en\/air-transportation\/","title":{"rendered":"Air Transportation"},"content":{"rendered":"\t\t<div data-elementor-type=\"wp-page\" data-elementor-id=\"4434\" class=\"elementor elementor-4434 elementor-1683\" data-elementor-post-type=\"page\">\n\t\t\t\t\t\t<section class=\"elementor-section elementor-top-section elementor-element elementor-element-9b81f0d elementor-section-boxed elementor-section-height-default elementor-section-height-default\" data-id=\"9b81f0d\" data-element_type=\"section\" data-e-type=\"section\" data-settings=\"{&quot;background_background&quot;:&quot;classic&quot;}\">\n\t\t\t\t\t\t\t<div class=\"elementor-background-overlay\"><\/div>\n\t\t\t\t\t\t\t<div class=\"elementor-container elementor-column-gap-default\">\n\t\t\t\t\t<div class=\"elementor-column elementor-col-100 elementor-top-column elementor-element elementor-element-e5f1818\" data-id=\"e5f1818\" data-element_type=\"column\" data-e-type=\"column\">\n\t\t\t<div class=\"elementor-widget-wrap elementor-element-populated\">\n\t\t\t\t\t\t<div class=\"elementor-element elementor-element-d664ecb elementor-widget elementor-widget-heading\" data-id=\"d664ecb\" data-element_type=\"widget\" data-e-type=\"widget\" data-widget_type=\"heading.default\">\n\t\t\t\t<div class=\"elementor-widget-container\">\n\t\t\t\t\t<h1 class=\"elementor-heading-title elementor-size-default\">Air Transportation<\/h1>\t\t\t\t<\/div>\n\t\t\t\t<\/div>\n\t\t\t\t\t<\/div>\n\t\t<\/div>\n\t\t\t\t\t<\/div>\n\t\t<\/section>\n\t\t\t\t<section class=\"elementor-section elementor-top-section elementor-element elementor-element-14c37b1 elementor-section-boxed elementor-section-height-default elementor-section-height-default\" data-id=\"14c37b1\" data-element_type=\"section\" data-e-type=\"section\" data-settings=\"{&quot;shape_divider_top&quot;:&quot;triangle-asymmetrical&quot;}\">\n\t\t\t\t\t<div class=\"elementor-shape elementor-shape-top\" aria-hidden=\"true\" data-negative=\"false\">\n\t\t\t<svg xmlns=\"http:\/\/www.w3.org\/2000\/svg\" viewBox=\"0 0 1000 100\" preserveAspectRatio=\"none\">\n\t<path class=\"elementor-shape-fill\" d=\"M738,99l262-93V0H0v5.6L738,99z\"\/>\n<\/svg>\t\t<\/div>\n\t\t\t\t\t<div class=\"elementor-container elementor-column-gap-no\">\n\t\t\t\t\t<div class=\"elementor-column elementor-col-100 elementor-top-column elementor-element elementor-element-fc2696e\" data-id=\"fc2696e\" data-element_type=\"column\" data-e-type=\"column\">\n\t\t\t<div class=\"elementor-widget-wrap elementor-element-populated\">\n\t\t\t\t\t\t<section class=\"elementor-section elementor-inner-section elementor-element elementor-element-6f33e26 elementor-section-full_width elementor-section-height-default elementor-section-height-default\" data-id=\"6f33e26\" data-element_type=\"section\" data-e-type=\"section\">\n\t\t\t\t\t\t<div class=\"elementor-container elementor-column-gap-default\">\n\t\t\t\t\t<div class=\"elementor-column elementor-col-50 elementor-inner-column elementor-element elementor-element-226098b\" data-id=\"226098b\" data-element_type=\"column\" data-e-type=\"column\">\n\t\t\t<div class=\"elementor-widget-wrap elementor-element-populated\">\n\t\t\t\t\t\t<div class=\"elementor-element elementor-element-c2a8ac6 elementor-vertical-align-top elementor-widget elementor-widget-image-box\" data-id=\"c2a8ac6\" data-element_type=\"widget\" data-e-type=\"widget\" data-widget_type=\"image-box.default\">\n\t\t\t\t<div class=\"elementor-widget-container\">\n\t\t\t\t\t<div class=\"elementor-image-box-wrapper\"><div class=\"elementor-image-box-content\"><h2 class=\"elementor-image-box-title\">THY Fuel Supplier <\/h2><p class=\"elementor-image-box-description\">We continue to take our place at Ercan Airport as the fuel supplier for the aircraft of Turkish Airlines, which is growing in Civil Aviation day by day. <\/p><\/div><\/div>\t\t\t\t<\/div>\n\t\t\t\t<\/div>\n\t\t\t\t\t<\/div>\n\t\t<\/div>\n\t\t\t\t<div class=\"elementor-column elementor-col-50 elementor-inner-column elementor-element elementor-element-486a12a\" data-id=\"486a12a\" data-element_type=\"column\" data-e-type=\"column\" data-settings=\"{&quot;background_background&quot;:&quot;classic&quot;}\">\n\t\t\t<div class=\"elementor-widget-wrap elementor-element-populated\">\n\t\t\t\t\t\t<div class=\"elementor-element elementor-element-478442f elementor-widget elementor-widget-spacer\" data-id=\"478442f\" data-element_type=\"widget\" data-e-type=\"widget\" data-widget_type=\"spacer.default\">\n\t\t\t\t<div class=\"elementor-widget-container\">\n\t\t\t\t\t\t\t<div class=\"elementor-spacer\">\n\t\t\t<div class=\"elementor-spacer-inner\"><\/div>\n\t\t<\/div>\n\t\t\t\t\t\t<\/div>\n\t\t\t\t<\/div>\n\t\t\t\t\t<\/div>\n\t\t<\/div>\n\t\t\t\t\t<\/div>\n\t\t<\/section>\n\t\t\t\t<section class=\"elementor-section elementor-inner-section elementor-element elementor-element-38ca5b8 elementor-section-full_width elementor-reverse-mobile elementor-section-height-default elementor-section-height-default\" data-id=\"38ca5b8\" data-element_type=\"section\" data-e-type=\"section\">\n\t\t\t\t\t\t<div class=\"elementor-container elementor-column-gap-default\">\n\t\t\t\t\t<div class=\"elementor-column elementor-col-50 elementor-inner-column elementor-element elementor-element-8cb5a21\" data-id=\"8cb5a21\" data-element_type=\"column\" data-e-type=\"column\" data-settings=\"{&quot;background_background&quot;:&quot;classic&quot;}\">\n\t\t\t<div class=\"elementor-widget-wrap elementor-element-populated\">\n\t\t\t\t\t\t<div class=\"elementor-element elementor-element-77714de elementor-widget elementor-widget-spacer\" data-id=\"77714de\" data-element_type=\"widget\" data-e-type=\"widget\" data-widget_type=\"spacer.default\">\n\t\t\t\t<div class=\"elementor-widget-container\">\n\t\t\t\t\t\t\t<div class=\"elementor-spacer\">\n\t\t\t<div class=\"elementor-spacer-inner\"><\/div>\n\t\t<\/div>\n\t\t\t\t\t\t<\/div>\n\t\t\t\t<\/div>\n\t\t\t\t\t<\/div>\n\t\t<\/div>\n\t\t\t\t<div class=\"elementor-column elementor-col-50 elementor-inner-column elementor-element elementor-element-0f2af8a\" data-id=\"0f2af8a\" data-element_type=\"column\" data-e-type=\"column\">\n\t\t\t<div class=\"elementor-widget-wrap elementor-element-populated\">\n\t\t\t\t\t\t<div class=\"elementor-element elementor-element-839b10e elementor-vertical-align-top elementor-widget elementor-widget-image-box\" data-id=\"839b10e\" data-element_type=\"widget\" data-e-type=\"widget\" data-widget_type=\"image-box.default\">\n\t\t\t\t<div class=\"elementor-widget-container\">\n\t\t\t\t\t<div class=\"elementor-image-box-wrapper\"><div class=\"elementor-image-box-content\"><h2 class=\"elementor-image-box-title\">AnadoluJet Fuel Supplier<\/h2><p class=\"elementor-image-box-description\">There are 2 Jet A-1 fuel tanks with a total capacity of 670 m\u00b3 in our Cyprus Turkish Petroleum Air Supply Unit at Ercan Airport. Jet A-1 refueling is done here for THY and private planes. <\/p><\/div><\/div>\t\t\t\t<\/div>\n\t\t\t\t<\/div>\n\t\t\t\t\t<\/div>\n\t\t<\/div>\n\t\t\t\t\t<\/div>\n\t\t<\/section>\n\t\t\t\t<section class=\"elementor-section elementor-inner-section elementor-element elementor-element-58e98b6 elementor-section-full_width elementor-section-height-default elementor-section-height-default\" data-id=\"58e98b6\" data-element_type=\"section\" data-e-type=\"section\">\n\t\t\t\t\t\t<div class=\"elementor-container elementor-column-gap-default\">\n\t\t\t\t\t<div class=\"elementor-column elementor-col-50 elementor-inner-column elementor-element elementor-element-d804fa0\" data-id=\"d804fa0\" data-element_type=\"column\" data-e-type=\"column\">\n\t\t\t<div class=\"elementor-widget-wrap elementor-element-populated\">\n\t\t\t\t\t\t<div class=\"elementor-element elementor-element-1577f37 elementor-vertical-align-top elementor-widget elementor-widget-image-box\" data-id=\"1577f37\" data-element_type=\"widget\" data-e-type=\"widget\" data-widget_type=\"image-box.default\">\n\t\t\t\t<div class=\"elementor-widget-container\">\n\t\t\t\t\t<div class=\"elementor-image-box-wrapper\"><div class=\"elementor-image-box-content\"><h2 class=\"elementor-image-box-title\">Freebird Fuel Supplier <\/h2><p class=\"elementor-image-box-description\">As the fuel supplier of Freebird Airlines, which joined the Turkish private sector airline carriers in 2000, we continue to serve at Ercan Airport. <\/p><\/div><\/div>\t\t\t\t<\/div>\n\t\t\t\t<\/div>\n\t\t\t\t\t<\/div>\n\t\t<\/div>\n\t\t\t\t<div class=\"elementor-column elementor-col-50 elementor-inner-column elementor-element elementor-element-33b3c4e\" data-id=\"33b3c4e\" data-element_type=\"column\" data-e-type=\"column\" data-settings=\"{&quot;background_background&quot;:&quot;classic&quot;}\">\n\t\t\t<div class=\"elementor-widget-wrap elementor-element-populated\">\n\t\t\t\t\t\t<div class=\"elementor-element elementor-element-cb22f07 elementor-widget elementor-widget-spacer\" data-id=\"cb22f07\" data-element_type=\"widget\" data-e-type=\"widget\" data-widget_type=\"spacer.default\">\n\t\t\t\t<div class=\"elementor-widget-container\">\n\t\t\t\t\t\t\t<div class=\"elementor-spacer\">\n\t\t\t<div class=\"elementor-spacer-inner\"><\/div>\n\t\t<\/div>\n\t\t\t\t\t\t<\/div>\n\t\t\t\t<\/div>\n\t\t\t\t\t<\/div>\n\t\t<\/div>\n\t\t\t\t\t<\/div>\n\t\t<\/section>\n\t\t\t\t<section class=\"elementor-section elementor-inner-section elementor-element elementor-element-e5e6b4c elementor-section-full_width elementor-section-height-default elementor-section-height-default\" data-id=\"e5e6b4c\" data-element_type=\"section\" data-e-type=\"section\">\n\t\t\t\t\t\t<div class=\"elementor-container elementor-column-gap-default\">\n\t\t\t\t\t<div class=\"elementor-column elementor-col-50 elementor-inner-column elementor-element elementor-element-06a9e4f\" data-id=\"06a9e4f\" data-element_type=\"column\" data-e-type=\"column\" data-settings=\"{&quot;background_background&quot;:&quot;classic&quot;}\">\n\t\t\t<div class=\"elementor-widget-wrap elementor-element-populated\">\n\t\t\t\t\t\t<div class=\"elementor-element elementor-element-5cec269 elementor-widget elementor-widget-spacer\" data-id=\"5cec269\" data-element_type=\"widget\" data-e-type=\"widget\" data-widget_type=\"spacer.default\">\n\t\t\t\t<div class=\"elementor-widget-container\">\n\t\t\t\t\t\t\t<div class=\"elementor-spacer\">\n\t\t\t<div class=\"elementor-spacer-inner\"><\/div>\n\t\t<\/div>\n\t\t\t\t\t\t<\/div>\n\t\t\t\t<\/div>\n\t\t\t\t\t<\/div>\n\t\t<\/div>\n\t\t\t\t<div class=\"elementor-column elementor-col-50 elementor-inner-column elementor-element elementor-element-2673154\" data-id=\"2673154\" data-element_type=\"column\" data-e-type=\"column\">\n\t\t\t<div class=\"elementor-widget-wrap elementor-element-populated\">\n\t\t\t\t\t\t<div class=\"elementor-element elementor-element-c9764dc elementor-vertical-align-top elementor-widget elementor-widget-image-box\" data-id=\"c9764dc\" data-element_type=\"widget\" data-e-type=\"widget\" data-widget_type=\"image-box.default\">\n\t\t\t\t<div class=\"elementor-widget-container\">\n\t\t\t\t\t<div class=\"elementor-image-box-wrapper\"><div class=\"elementor-image-box-content\"><h2 class=\"elementor-image-box-title\">Pegasus Fuel Supplier<\/h2><p class=\"elementor-image-box-description\">At Ercan Airport, our Cyprus Turkish Petroleum Air Supply Unit is the fuel supplier for Pegasus aircraft. <\/p><\/div><\/div>\t\t\t\t<\/div>\n\t\t\t\t<\/div>\n\t\t\t\t\t<\/div>\n\t\t<\/div>\n\t\t\t\t\t<\/div>\n\t\t<\/section>\n\t\t\t\t<section class=\"elementor-section elementor-inner-section elementor-element elementor-element-66608e7 elementor-section-full_width elementor-section-height-default elementor-section-height-default\" data-id=\"66608e7\" data-element_type=\"section\" data-e-type=\"section\">\n\t\t\t\t\t\t<div class=\"elementor-container elementor-column-gap-default\">\n\t\t\t\t\t<div class=\"elementor-column elementor-col-50 elementor-inner-column elementor-element elementor-element-c128708\" data-id=\"c128708\" data-element_type=\"column\" data-e-type=\"column\">\n\t\t\t<div class=\"elementor-widget-wrap elementor-element-populated\">\n\t\t\t\t\t\t<div class=\"elementor-element elementor-element-998c6c0 elementor-vertical-align-top elementor-widget elementor-widget-image-box\" data-id=\"998c6c0\" data-element_type=\"widget\" data-e-type=\"widget\" data-widget_type=\"image-box.default\">\n\t\t\t\t<div class=\"elementor-widget-container\">\n\t\t\t\t\t<div class=\"elementor-image-box-wrapper\"><div class=\"elementor-image-box-content\"><h2 class=\"elementor-image-box-title\">TC-ATA Aircraft Fuel Supplier <\/h2><p class=\"elementor-image-box-description\">We supply fuel to the planes belonging to the Republic of Turkey and VIP planes.<\/p><\/div><\/div>\t\t\t\t<\/div>\n\t\t\t\t<\/div>\n\t\t\t\t\t<\/div>\n\t\t<\/div>\n\t\t\t\t<div class=\"elementor-column elementor-col-50 elementor-inner-column elementor-element elementor-element-157fa6d\" data-id=\"157fa6d\" data-element_type=\"column\" data-e-type=\"column\" data-settings=\"{&quot;background_background&quot;:&quot;classic&quot;}\">\n\t\t\t<div class=\"elementor-widget-wrap elementor-element-populated\">\n\t\t\t\t\t\t<div class=\"elementor-element elementor-element-7818e23 elementor-widget elementor-widget-spacer\" data-id=\"7818e23\" data-element_type=\"widget\" data-e-type=\"widget\" data-widget_type=\"spacer.default\">\n\t\t\t\t<div class=\"elementor-widget-container\">\n\t\t\t\t\t\t\t<div class=\"elementor-spacer\">\n\t\t\t<div class=\"elementor-spacer-inner\"><\/div>\n\t\t<\/div>\n\t\t\t\t\t\t<\/div>\n\t\t\t\t<\/div>\n\t\t\t\t\t<\/div>\n\t\t<\/div>\n\t\t\t\t\t<\/div>\n\t\t<\/section>\n\t\t\t\t\t<\/div>\n\t\t<\/div>\n\t\t\t\t\t<\/div>\n\t\t<\/section>\n\t\t\t\t<\/div>\n\t\t","protected":false},"excerpt":{"rendered":"<p>Air Transportation THY Fuel Supplier We continue to take our place at Ercan Airport as the fuel supplier for the aircraft of Turkish Airlines, which is growing in Civil Aviation day by day. AnadoluJet Fuel Supplier There are 2 Jet A-1 fuel tanks with a total capacity of 670 m\u00b3 in our Cyprus Turkish Petroleum [&hellip;]<\/p>\n","protected":false},"author":8,"featured_media":0,"parent":0,"menu_order":0,"comment_status":"closed","ping_status":"closed","template":"","meta":{"site-sidebar-layout":"no-sidebar","site-content-layout":"page-builder","ast-site-content-layout":"default","site-content-style":"default","site-sidebar-style":"default","ast-global-header-display":"","ast-banner-title-visibility":"","ast-main-header-display":"","ast-hfb-above-header-display":"","ast-hfb-below-header-display":"","ast-hfb-mobile-header-display":"","site-post-title":"disabled","ast-breadcrumbs-content":"","ast-featured-img":"disabled","footer-sml-layout":"","theme-transparent-header-meta":"default","adv-header-id-meta":"","stick-header-meta":"","header-above-stick-meta":"","header-main-stick-meta":"","header-below-stick-meta":"","astra-migrate-meta-layouts":"default","ast-page-background-enabled":"default","ast-page-background-meta":{"desktop":{"background-color":"","background-image":"","background-repeat":"repeat","background-position":"center center","background-size":"auto","background-attachment":"scroll","background-type":"","background-media":"","overlay-type":"","overlay-color":"","overlay-opacity":"","overlay-gradient":""},"tablet":{"background-color":"","background-image":"","background-repeat":"repeat","background-position":"center center","background-size":"auto","background-attachment":"scroll","background-type":"","background-media":"","overlay-type":"","overlay-color":"","overlay-opacity":"","overlay-gradient":""},"mobile":{"background-color":"","background-image":"","background-repeat":"repeat","background-position":"center center","background-size":"auto","background-attachment":"scroll","background-type":"","background-media":"","overlay-type":"","overlay-color":"","overlay-opacity":"","overlay-gradient":""}},"ast-content-background-meta":{"desktop":{"background-color":"var(--ast-global-color-5)","background-image":"","background-repeat":"repeat","background-position":"center center","background-size":"auto","background-attachment":"scroll","background-type":"","background-media":"","overlay-type":"","overlay-color":"","overlay-opacity":"","overlay-gradient":""},"tablet":{"background-color":"var(--ast-global-color-5)","background-image":"","background-repeat":"repeat","background-position":"center center","background-size":"auto","background-attachment":"scroll","background-type":"","background-media":"","overlay-type":"","overlay-color":"","overlay-opacity":"","overlay-gradient":""},"mobile":{"background-color":"var(--ast-global-color-5)","background-image":"","background-repeat":"repeat","background-position":"center center","background-size":"auto","background-attachment":"scroll","background-type":"","background-media":"","overlay-type":"","overlay-color":"","overlay-opacity":"","overlay-gradient":""}},"footnotes":""},"class_list":["post-4434","page","type-page","status-publish","hentry"],"yoast_head":"<!-- This site is optimized with the Yoast SEO plugin v27.4 - https:\/\/yoast.com\/product\/yoast-seo-wordpress\/ -->\n<title>Air Transportation - K-Pet petrolleri<\/title>\n<meta name=\"robots\" content=\"index, follow, max-snippet:-1, max-image-preview:large, max-video-preview:-1\" \/>\n<link rel=\"canonical\" href=\"https:\/\/ktpetrolleri.com\/hava-tasimaciligi\/\" \/>\n<meta property=\"og:locale\" content=\"en_US\" \/>\n<meta property=\"og:type\" content=\"article\" \/>\n<meta property=\"og:title\" content=\"Air Transportation - K-Pet petrolleri\" \/>\n<meta property=\"og:description\" content=\"Air Transportation THY Fuel Supplier We continue to take our place at Ercan Airport as the fuel supplier for the aircraft of Turkish Airlines, which is growing in Civil Aviation day by day. AnadoluJet Fuel Supplier There are 2 Jet A-1 fuel tanks with a total capacity of 670 m\u00b3 in our Cyprus Turkish Petroleum [&hellip;]\" \/>\n<meta property=\"og:url\" content=\"https:\/\/ktpetrolleri.com\/hava-tasimaciligi\/\" \/>\n<meta property=\"og:site_name\" content=\"K-Pet petrolleri\" \/>\n<meta property=\"article:modified_time\" content=\"2022-10-28T09:22:43+00:00\" \/>\n<meta name=\"twitter:card\" content=\"summary_large_image\" \/>\n<meta name=\"twitter:label1\" content=\"Est. reading time\" \/>\n\t<meta name=\"twitter:data1\" content=\"1 minute\" \/>\n<script type=\"application\/ld+json\" class=\"yoast-schema-graph\">{\"@context\":\"https:\\\/\\\/schema.org\",\"@graph\":[{\"@type\":\"WebPage\",\"@id\":\"https:\\\/\\\/ktpetrolleri.com\\\/hava-tasimaciligi\\\/\",\"url\":\"https:\\\/\\\/ktpetrolleri.com\\\/hava-tasimaciligi\\\/\",\"name\":\"Air Transportation - K-Pet petrolleri\",\"isPartOf\":{\"@id\":\"https:\\\/\\\/ktpetrolleri.com\\\/#website\"},\"datePublished\":\"2021-10-08T17:17:31+00:00\",\"dateModified\":\"2022-10-28T09:22:43+00:00\",\"breadcrumb\":{\"@id\":\"https:\\\/\\\/ktpetrolleri.com\\\/hava-tasimaciligi\\\/#breadcrumb\"},\"inLanguage\":\"en-US\",\"potentialAction\":[{\"@type\":\"ReadAction\",\"target\":[\"https:\\\/\\\/ktpetrolleri.com\\\/hava-tasimaciligi\\\/\"]}]},{\"@type\":\"BreadcrumbList\",\"@id\":\"https:\\\/\\\/ktpetrolleri.com\\\/hava-tasimaciligi\\\/#breadcrumb\",\"itemListElement\":[{\"@type\":\"ListItem\",\"position\":1,\"name\":\"Anasayfa\",\"item\":\"https:\\\/\\\/ktpetrolleri.com\\\/en\\\/\"},{\"@type\":\"ListItem\",\"position\":2,\"name\":\"Air Transportation\"}]},{\"@type\":\"WebSite\",\"@id\":\"https:\\\/\\\/ktpetrolleri.com\\\/#website\",\"url\":\"https:\\\/\\\/ktpetrolleri.com\\\/\",\"name\":\"K-Pet petrolleri\",\"description\":\"\",\"publisher\":{\"@id\":\"https:\\\/\\\/ktpetrolleri.com\\\/#organization\"},\"potentialAction\":[{\"@type\":\"SearchAction\",\"target\":{\"@type\":\"EntryPoint\",\"urlTemplate\":\"https:\\\/\\\/ktpetrolleri.com\\\/?s={search_term_string}\"},\"query-input\":{\"@type\":\"PropertyValueSpecification\",\"valueRequired\":true,\"valueName\":\"search_term_string\"}}],\"inLanguage\":\"en-US\"},{\"@type\":\"Organization\",\"@id\":\"https:\\\/\\\/ktpetrolleri.com\\\/#organization\",\"name\":\"K\u0131br\u0131s T\u00fcrk Petrolleri\",\"url\":\"https:\\\/\\\/ktpetrolleri.com\\\/\",\"logo\":{\"@type\":\"ImageObject\",\"inLanguage\":\"en-US\",\"@id\":\"https:\\\/\\\/ktpetrolleri.com\\\/#\\\/schema\\\/logo\\\/image\\\/\",\"url\":\"https:\\\/\\\/ktpetrolleri.com\\\/wp-content\\\/uploads\\\/2021\\\/10\\\/k-pet_logo_long.png\",\"contentUrl\":\"https:\\\/\\\/ktpetrolleri.com\\\/wp-content\\\/uploads\\\/2021\\\/10\\\/k-pet_logo_long.png\",\"width\":300,\"height\":101,\"caption\":\"K\u0131br\u0131s T\u00fcrk Petrolleri\"},\"image\":{\"@id\":\"https:\\\/\\\/ktpetrolleri.com\\\/#\\\/schema\\\/logo\\\/image\\\/\"}}]}<\/script>\n<!-- \/ Yoast SEO plugin. -->","yoast_head_json":{"title":"Air Transportation - K-Pet petrolleri","robots":{"index":"index","follow":"follow","max-snippet":"max-snippet:-1","max-image-preview":"max-image-preview:large","max-video-preview":"max-video-preview:-1"},"canonical":"https:\/\/ktpetrolleri.com\/hava-tasimaciligi\/","og_locale":"en_US","og_type":"article","og_title":"Air Transportation - K-Pet petrolleri","og_description":"Air Transportation THY Fuel Supplier We continue to take our place at Ercan Airport as the fuel supplier for the aircraft of Turkish Airlines, which is growing in Civil Aviation day by day. AnadoluJet Fuel Supplier There are 2 Jet A-1 fuel tanks with a total capacity of 670 m\u00b3 in our Cyprus Turkish Petroleum [&hellip;]","og_url":"https:\/\/ktpetrolleri.com\/hava-tasimaciligi\/","og_site_name":"K-Pet petrolleri","article_modified_time":"2022-10-28T09:22:43+00:00","twitter_card":"summary_large_image","twitter_misc":{"Est. reading time":"1 minute"},"schema":{"@context":"https:\/\/schema.org","@graph":[{"@type":"WebPage","@id":"https:\/\/ktpetrolleri.com\/hava-tasimaciligi\/","url":"https:\/\/ktpetrolleri.com\/hava-tasimaciligi\/","name":"Air Transportation - K-Pet petrolleri","isPartOf":{"@id":"https:\/\/ktpetrolleri.com\/#website"},"datePublished":"2021-10-08T17:17:31+00:00","dateModified":"2022-10-28T09:22:43+00:00","breadcrumb":{"@id":"https:\/\/ktpetrolleri.com\/hava-tasimaciligi\/#breadcrumb"},"inLanguage":"en-US","potentialAction":[{"@type":"ReadAction","target":["https:\/\/ktpetrolleri.com\/hava-tasimaciligi\/"]}]},{"@type":"BreadcrumbList","@id":"https:\/\/ktpetrolleri.com\/hava-tasimaciligi\/#breadcrumb","itemListElement":[{"@type":"ListItem","position":1,"name":"Anasayfa","item":"https:\/\/ktpetrolleri.com\/en\/"},{"@type":"ListItem","position":2,"name":"Air Transportation"}]},{"@type":"WebSite","@id":"https:\/\/ktpetrolleri.com\/#website","url":"https:\/\/ktpetrolleri.com\/","name":"K-Pet petrolleri","description":"","publisher":{"@id":"https:\/\/ktpetrolleri.com\/#organization"},"potentialAction":[{"@type":"SearchAction","target":{"@type":"EntryPoint","urlTemplate":"https:\/\/ktpetrolleri.com\/?s={search_term_string}"},"query-input":{"@type":"PropertyValueSpecification","valueRequired":true,"valueName":"search_term_string"}}],"inLanguage":"en-US"},{"@type":"Organization","@id":"https:\/\/ktpetrolleri.com\/#organization","name":"K\u0131br\u0131s T\u00fcrk Petrolleri","url":"https:\/\/ktpetrolleri.com\/","logo":{"@type":"ImageObject","inLanguage":"en-US","@id":"https:\/\/ktpetrolleri.com\/#\/schema\/logo\/image\/","url":"https:\/\/ktpetrolleri.com\/wp-content\/uploads\/2021\/10\/k-pet_logo_long.png","contentUrl":"https:\/\/ktpetrolleri.com\/wp-content\/uploads\/2021\/10\/k-pet_logo_long.png","width":300,"height":101,"caption":"K\u0131br\u0131s T\u00fcrk Petrolleri"},"image":{"@id":"https:\/\/ktpetrolleri.com\/#\/schema\/logo\/image\/"}}]}},"_links":{"self":[{"href":"https:\/\/ktpetrolleri.com\/en\/wp-json\/wp\/v2\/pages\/4434","targetHints":{"allow":["GET"]}}],"collection":[{"href":"https:\/\/ktpetrolleri.com\/en\/wp-json\/wp\/v2\/pages"}],"about":[{"href":"https:\/\/ktpetrolleri.com\/en\/wp-json\/wp\/v2\/types\/page"}],"author":[{"embeddable":true,"href":"https:\/\/ktpetrolleri.com\/en\/wp-json\/wp\/v2\/users\/8"}],"replies":[{"embeddable":true,"href":"https:\/\/ktpetrolleri.com\/en\/wp-json\/wp\/v2\/comments?post=4434"}],"version-history":[{"count":6,"href":"https:\/\/ktpetrolleri.com\/en\/wp-json\/wp\/v2\/pages\/4434\/revisions"}],"predecessor-version":[{"id":4780,"href":"https:\/\/ktpetrolleri.com\/en\/wp-json\/wp\/v2\/pages\/4434\/revisions\/4780"}],"wp:attachment":[{"href":"https:\/\/ktpetrolleri.com\/en\/wp-json\/wp\/v2\/media?parent=4434"}],"curies":[{"name":"wp","href":"https:\/\/api.w.org\/{rel}","templated":true}]}}