{"id":4460,"date":"2021-10-08T15:42:13","date_gmt":"2021-10-08T15:42:13","guid":{"rendered":"https:\/\/ktpetrolleri.com\/speed-limits-seat-belt-mobile-phone-usage-policy\/"},"modified":"2022-09-05T23:53:25","modified_gmt":"2022-09-05T23:53:25","slug":"speed-limits-seat-belt-mobile-phone-usage-policy","status":"publish","type":"page","link":"https:\/\/ktpetrolleri.com\/en\/speed-limits-seat-belt-mobile-phone-usage-policy\/","title":{"rendered":"Speed Limits, Seat Belt, Mobile Phone Usage Policy"},"content":{"rendered":"\t\t<div data-elementor-type=\"wp-page\" data-elementor-id=\"4460\" class=\"elementor elementor-4460 elementor-1650\" data-elementor-post-type=\"page\">\n\t\t\t\t\t\t<section class=\"elementor-section elementor-top-section elementor-element elementor-element-3730fe8 elementor-section-boxed elementor-section-height-default elementor-section-height-default\" data-id=\"3730fe8\" data-element_type=\"section\" data-e-type=\"section\" data-settings=\"{&quot;background_background&quot;:&quot;classic&quot;}\">\n\t\t\t\t\t\t\t<div class=\"elementor-background-overlay\"><\/div>\n\t\t\t\t\t\t\t<div class=\"elementor-container elementor-column-gap-default\">\n\t\t\t\t\t<div class=\"elementor-column elementor-col-100 elementor-top-column elementor-element elementor-element-1628edc\" data-id=\"1628edc\" data-element_type=\"column\" data-e-type=\"column\">\n\t\t\t<div class=\"elementor-widget-wrap elementor-element-populated\">\n\t\t\t\t\t\t<div class=\"elementor-element elementor-element-2df7698 elementor-widget elementor-widget-heading\" data-id=\"2df7698\" data-element_type=\"widget\" data-e-type=\"widget\" data-widget_type=\"heading.default\">\n\t\t\t\t<div class=\"elementor-widget-container\">\n\t\t\t\t\t<h1 class=\"elementor-heading-title elementor-size-default\">Speed Limits, Seat Belt, Mobile Phone Usage Policy<\/h1>\t\t\t\t<\/div>\n\t\t\t\t<\/div>\n\t\t\t\t\t<\/div>\n\t\t<\/div>\n\t\t\t\t\t<\/div>\n\t\t<\/section>\n\t\t\t\t<section class=\"elementor-section elementor-top-section elementor-element elementor-element-c1b5247 elementor-hidden-mobile elementor-section-boxed elementor-section-height-default elementor-section-height-default\" data-id=\"c1b5247\" data-element_type=\"section\" data-e-type=\"section\" data-settings=\"{&quot;shape_divider_top&quot;:&quot;triangle-asymmetrical&quot;}\">\n\t\t\t\t\t<div class=\"elementor-shape elementor-shape-top\" aria-hidden=\"true\" data-negative=\"false\">\n\t\t\t<svg xmlns=\"http:\/\/www.w3.org\/2000\/svg\" viewBox=\"0 0 1000 100\" preserveAspectRatio=\"none\">\n\t<path class=\"elementor-shape-fill\" d=\"M738,99l262-93V0H0v5.6L738,99z\"\/>\n<\/svg>\t\t<\/div>\n\t\t\t\t\t<div class=\"elementor-container elementor-column-gap-default\">\n\t\t\t\t\t<div class=\"elementor-column elementor-col-33 elementor-top-column elementor-element elementor-element-cd18d26 elementor-invisible\" data-id=\"cd18d26\" data-element_type=\"column\" data-e-type=\"column\" data-settings=\"{&quot;background_background&quot;:&quot;classic&quot;,&quot;animation&quot;:&quot;fadeIn&quot;}\">\n\t\t\t<div class=\"elementor-widget-wrap elementor-element-populated\">\n\t\t\t\t\t\t<div class=\"elementor-element elementor-element-38b74d5 elementor-position-top elementor-widget elementor-widget-image-box\" data-id=\"38b74d5\" data-element_type=\"widget\" data-e-type=\"widget\" data-widget_type=\"image-box.default\">\n\t\t\t\t<div class=\"elementor-widget-container\">\n\t\t\t\t\t<div class=\"elementor-image-box-wrapper\"><figure class=\"elementor-image-box-img\"><img fetchpriority=\"high\" decoding=\"async\" width=\"256\" height=\"256\" src=\"https:\/\/ktpetrolleri.com\/wp-content\/uploads\/2021\/10\/kurumsal1.png\" class=\"attachment-full size-full wp-image-4029\" alt=\"\" srcset=\"https:\/\/ktpetrolleri.com\/wp-content\/uploads\/2021\/10\/kurumsal1.png 256w, https:\/\/ktpetrolleri.com\/wp-content\/uploads\/2021\/10\/kurumsal1-150x150.png 150w\" sizes=\"(max-width: 256px) 100vw, 256px\" \/><\/figure><div class=\"elementor-image-box-content\"><h3 class=\"elementor-image-box-title\">Integration Policy<\/h3><\/div><\/div>\t\t\t\t<\/div>\n\t\t\t\t<\/div>\n\t\t\t\t\t<\/div>\n\t\t<\/div>\n\t\t\t\t<div class=\"elementor-column elementor-col-33 elementor-top-column elementor-element elementor-element-bc6f960 elementor-invisible\" data-id=\"bc6f960\" data-element_type=\"column\" data-e-type=\"column\" data-settings=\"{&quot;background_background&quot;:&quot;classic&quot;,&quot;animation&quot;:&quot;fadeIn&quot;,&quot;animation_delay&quot;:300}\">\n\t\t\t<div class=\"elementor-widget-wrap elementor-element-populated\">\n\t\t\t\t\t\t<div class=\"elementor-element elementor-element-4e9f73a elementor-position-top elementor-widget elementor-widget-image-box\" data-id=\"4e9f73a\" data-element_type=\"widget\" data-e-type=\"widget\" data-widget_type=\"image-box.default\">\n\t\t\t\t<div class=\"elementor-widget-container\">\n\t\t\t\t\t<div class=\"elementor-image-box-wrapper\"><figure class=\"elementor-image-box-img\"><img decoding=\"async\" width=\"256\" height=\"256\" src=\"https:\/\/ktpetrolleri.com\/wp-content\/uploads\/2021\/10\/kurumsal3.png\" class=\"attachment-full size-full wp-image-4031\" alt=\"\" srcset=\"https:\/\/ktpetrolleri.com\/wp-content\/uploads\/2021\/10\/kurumsal3.png 256w, https:\/\/ktpetrolleri.com\/wp-content\/uploads\/2021\/10\/kurumsal3-150x150.png 150w\" sizes=\"(max-width: 256px) 100vw, 256px\" \/><\/figure><div class=\"elementor-image-box-content\"><h3 class=\"elementor-image-box-title\">Speed Limits, Seat Belt, Mobile Phone Usage Policy<\/h3><\/div><\/div>\t\t\t\t<\/div>\n\t\t\t\t<\/div>\n\t\t\t\t\t<\/div>\n\t\t<\/div>\n\t\t\t\t<div class=\"elementor-column elementor-col-33 elementor-top-column elementor-element elementor-element-94c7f76 elementor-invisible\" data-id=\"94c7f76\" data-element_type=\"column\" data-e-type=\"column\" data-settings=\"{&quot;background_background&quot;:&quot;classic&quot;,&quot;animation&quot;:&quot;fadeIn&quot;,&quot;animation_delay&quot;:500}\">\n\t\t\t<div class=\"elementor-widget-wrap elementor-element-populated\">\n\t\t\t\t\t\t<div class=\"elementor-element elementor-element-8eb8534 elementor-position-top elementor-widget elementor-widget-image-box\" data-id=\"8eb8534\" data-element_type=\"widget\" data-e-type=\"widget\" data-widget_type=\"image-box.default\">\n\t\t\t\t<div class=\"elementor-widget-container\">\n\t\t\t\t\t<div class=\"elementor-image-box-wrapper\"><figure class=\"elementor-image-box-img\"><img decoding=\"async\" width=\"256\" height=\"256\" src=\"https:\/\/ktpetrolleri.com\/wp-content\/uploads\/2021\/10\/kurumsal2.png\" class=\"attachment-full size-full wp-image-4030\" alt=\"\" srcset=\"https:\/\/ktpetrolleri.com\/wp-content\/uploads\/2021\/10\/kurumsal2.png 256w, https:\/\/ktpetrolleri.com\/wp-content\/uploads\/2021\/10\/kurumsal2-150x150.png 150w\" sizes=\"(max-width: 256px) 100vw, 256px\" \/><\/figure><div class=\"elementor-image-box-content\"><h3 class=\"elementor-image-box-title\">Drug, Alcohol and Smoking Policy<\/h3><\/div><\/div>\t\t\t\t<\/div>\n\t\t\t\t<\/div>\n\t\t\t\t\t<\/div>\n\t\t<\/div>\n\t\t\t\t\t<\/div>\n\t\t<\/section>\n\t\t\t\t<section class=\"elementor-section elementor-top-section elementor-element elementor-element-fc0e322 elementor-section-boxed elementor-section-height-default elementor-section-height-default\" data-id=\"fc0e322\" data-element_type=\"section\" data-e-type=\"section\">\n\t\t\t\t\t\t<div class=\"elementor-container elementor-column-gap-no\">\n\t\t\t\t\t<div class=\"elementor-column elementor-col-100 elementor-top-column elementor-element elementor-element-4d81e19\" data-id=\"4d81e19\" data-element_type=\"column\" data-e-type=\"column\">\n\t\t\t<div class=\"elementor-widget-wrap elementor-element-populated\">\n\t\t\t\t\t\t<div class=\"elementor-element elementor-element-7d154f5 elementor-widget elementor-widget-image-box\" data-id=\"7d154f5\" data-element_type=\"widget\" data-e-type=\"widget\" data-widget_type=\"image-box.default\">\n\t\t\t\t<div class=\"elementor-widget-container\">\n\t\t\t\t\t<div class=\"elementor-image-box-wrapper\"><div class=\"elementor-image-box-content\"><h2 class=\"elementor-image-box-title\">Speed Limits, Seat Belt, Mobile Phone Usage Policy<\/h2><p class=\"elementor-image-box-description\">Speed Limit, Seat Belt, Use of Mobile Phones are among the working principles of the Cyprus Turkish Petroleum administration. It is the purpose of the Company Management to take all kinds of measures regarding the Prevention of Work Accidents.<\/p><\/div><\/div>\t\t\t\t<\/div>\n\t\t\t\t<\/div>\n\t\t\t\t<div class=\"elementor-element elementor-element-60d0692 elementor-widget elementor-widget-text-editor\" data-id=\"60d0692\" data-element_type=\"widget\" data-e-type=\"widget\" data-widget_type=\"text-editor.default\">\n\t\t\t\t<div class=\"elementor-widget-container\">\n\t\t\t\t\t\t\t\t\t<p><strong>The following commitments will help us achieve this goal:<\/strong><\/p><ul id=\"feature\"><li>The speed limits determined by the administration in the fields of activity will be strictly observed, however; Considering that the weather and ground conditions may pose a risk to driving, the speed limit can be further reduced.<\/li><li>While driving, the movements of other drivers and pedestrians in the traffic should be constantly observed, and the vehicle should be used in a \u201cDEFENSIVE\u201d manner.<\/li><li>Sufficient following distance should be left with vehicles in motion in traffic.<\/li><li>However, this distance should be increased in cases where the surface is slippery due to snow, rain or similar reasons.<\/li><li>It is mandatory to use a Seat Belt while driving. When using a seat belt; The lover part of the seat belt should be above your hipbone and upper part should be above your shoulder blade.<\/li><li>Using forceps or paper clips to keep the belt loose will harm you, its use is strictly prohibited.<\/li><li>Second parties will not be allowed in your vehicle.<\/li><li>The use of mobile phones while driving is strictly prohibited for any reason.<\/li><li>Incoming calls will not be answered, the caller will be called back after parking in a suitable area.<\/li><li>Even if mobile phones are turned off, carrying them during filling and discharging is prohibited.<\/li><li>Radio use is prohibited while the vehicle is in motion. Radio calls will be answered after the vehicle has stopped in a safe place.<\/li><li>To comply with the legal regulations in force in our country regarding this policy,<\/li><li>To keep this policy open to the public.<\/li><\/ul><p>All Cyprus Turkish Petroleum employees, Tanker Drivers and contractors working at the Cyprus Turkish Petroleum facilities are responsible for complying with the Speed Limit, Seat Belt, Mobile Phone Usage Policy. Managers working at the facilities and at the Head Office are responsible for ensuring that this policy is implemented in their own units and increasing our company&#8217;s prestige in the public by improving our performance in these matters.<\/p>\t\t\t\t\t\t\t\t<\/div>\n\t\t\t\t<\/div>\n\t\t\t\t\t<\/div>\n\t\t<\/div>\n\t\t\t\t\t<\/div>\n\t\t<\/section>\n\t\t\t\t<\/div>\n\t\t","protected":false},"excerpt":{"rendered":"<p>Speed Limits, Seat Belt, Mobile Phone Usage Policy Integration Policy Speed Limits, Seat Belt, Mobile Phone Usage Policy Drug, Alcohol and Smoking Policy Speed Limits, Seat Belt, Mobile Phone Usage Policy Speed Limit, Seat Belt, Use of Mobile Phones are among the working principles of the Cyprus Turkish Petroleum administration. It is the purpose of [&hellip;]<\/p>\n","protected":false},"author":8,"featured_media":0,"parent":0,"menu_order":0,"comment_status":"closed","ping_status":"closed","template":"","meta":{"site-sidebar-layout":"no-sidebar","site-content-layout":"page-builder","ast-site-content-layout":"default","site-content-style":"default","site-sidebar-style":"default","ast-global-header-display":"","ast-banner-title-visibility":"","ast-main-header-display":"","ast-hfb-above-header-display":"","ast-hfb-below-header-display":"","ast-hfb-mobile-header-display":"","site-post-title":"disabled","ast-breadcrumbs-content":"","ast-featured-img":"disabled","footer-sml-layout":"","theme-transparent-header-meta":"default","adv-header-id-meta":"","stick-header-meta":"","header-above-stick-meta":"","header-main-stick-meta":"","header-below-stick-meta":"","astra-migrate-meta-layouts":"default","ast-page-background-enabled":"default","ast-page-background-meta":{"desktop":{"background-color":"","background-image":"","background-repeat":"repeat","background-position":"center center","background-size":"auto","background-attachment":"scroll","background-type":"","background-media":"","overlay-type":"","overlay-color":"","overlay-opacity":"","overlay-gradient":""},"tablet":{"background-color":"","background-image":"","background-repeat":"repeat","background-position":"center center","background-size":"auto","background-attachment":"scroll","background-type":"","background-media":"","overlay-type":"","overlay-color":"","overlay-opacity":"","overlay-gradient":""},"mobile":{"background-color":"","background-image":"","background-repeat":"repeat","background-position":"center center","background-size":"auto","background-attachment":"scroll","background-type":"","background-media":"","overlay-type":"","overlay-color":"","overlay-opacity":"","overlay-gradient":""}},"ast-content-background-meta":{"desktop":{"background-color":"var(--ast-global-color-5)","background-image":"","background-repeat":"repeat","background-position":"center center","background-size":"auto","background-attachment":"scroll","background-type":"","background-media":"","overlay-type":"","overlay-color":"","overlay-opacity":"","overlay-gradient":""},"tablet":{"background-color":"var(--ast-global-color-5)","background-image":"","background-repeat":"repeat","background-position":"center center","background-size":"auto","background-attachment":"scroll","background-type":"","background-media":"","overlay-type":"","overlay-color":"","overlay-opacity":"","overlay-gradient":""},"mobile":{"background-color":"var(--ast-global-color-5)","background-image":"","background-repeat":"repeat","background-position":"center center","background-size":"auto","background-attachment":"scroll","background-type":"","background-media":"","overlay-type":"","overlay-color":"","overlay-opacity":"","overlay-gradient":""}},"footnotes":""},"class_list":["post-4460","page","type-page","status-publish","hentry"],"yoast_head":"<!-- This site is optimized with the Yoast SEO plugin v27.4 - https:\/\/yoast.com\/product\/yoast-seo-wordpress\/ -->\n<title>Speed Limits, Seat Belt, Mobile Phone Usage Policy - K-Pet petrolleri<\/title>\n<meta name=\"robots\" content=\"index, follow, max-snippet:-1, max-image-preview:large, max-video-preview:-1\" \/>\n<link rel=\"canonical\" href=\"https:\/\/ktpetrolleri.com\/hiz-sinirlari-emniyet-kemeri-mobil-telefon-kullanim-politikasi\/\" \/>\n<meta property=\"og:locale\" content=\"en_US\" \/>\n<meta property=\"og:type\" content=\"article\" \/>\n<meta property=\"og:title\" content=\"Speed Limits, Seat Belt, Mobile Phone Usage Policy - K-Pet petrolleri\" \/>\n<meta property=\"og:description\" content=\"Speed Limits, Seat Belt, Mobile Phone Usage Policy Integration Policy Speed Limits, Seat Belt, Mobile Phone Usage Policy Drug, Alcohol and Smoking Policy Speed Limits, Seat Belt, Mobile Phone Usage Policy Speed Limit, Seat Belt, Use of Mobile Phones are among the working principles of the Cyprus Turkish Petroleum administration. It is the purpose of [&hellip;]\" \/>\n<meta property=\"og:url\" content=\"https:\/\/ktpetrolleri.com\/hiz-sinirlari-emniyet-kemeri-mobil-telefon-kullanim-politikasi\/\" \/>\n<meta property=\"og:site_name\" content=\"K-Pet petrolleri\" \/>\n<meta property=\"article:modified_time\" content=\"2022-09-05T23:53:25+00:00\" \/>\n<meta property=\"og:image\" content=\"https:\/\/ktpetrolleri.com\/wp-content\/uploads\/2021\/10\/kurumsal1.png\" \/>\n<meta name=\"twitter:card\" content=\"summary_large_image\" \/>\n<meta name=\"twitter:label1\" content=\"Est. reading time\" \/>\n\t<meta name=\"twitter:data1\" content=\"2 minutes\" \/>\n<script type=\"application\/ld+json\" class=\"yoast-schema-graph\">{\"@context\":\"https:\\\/\\\/schema.org\",\"@graph\":[{\"@type\":\"WebPage\",\"@id\":\"https:\\\/\\\/ktpetrolleri.com\\\/hiz-sinirlari-emniyet-kemeri-mobil-telefon-kullanim-politikasi\\\/\",\"url\":\"https:\\\/\\\/ktpetrolleri.com\\\/hiz-sinirlari-emniyet-kemeri-mobil-telefon-kullanim-politikasi\\\/\",\"name\":\"Speed Limits, Seat Belt, Mobile Phone Usage Policy - K-Pet petrolleri\",\"isPartOf\":{\"@id\":\"https:\\\/\\\/ktpetrolleri.com\\\/#website\"},\"primaryImageOfPage\":{\"@id\":\"https:\\\/\\\/ktpetrolleri.com\\\/hiz-sinirlari-emniyet-kemeri-mobil-telefon-kullanim-politikasi\\\/#primaryimage\"},\"image\":{\"@id\":\"https:\\\/\\\/ktpetrolleri.com\\\/hiz-sinirlari-emniyet-kemeri-mobil-telefon-kullanim-politikasi\\\/#primaryimage\"},\"thumbnailUrl\":\"https:\\\/\\\/ktpetrolleri.com\\\/wp-content\\\/uploads\\\/2021\\\/10\\\/kurumsal1.png\",\"datePublished\":\"2021-10-08T15:42:13+00:00\",\"dateModified\":\"2022-09-05T23:53:25+00:00\",\"breadcrumb\":{\"@id\":\"https:\\\/\\\/ktpetrolleri.com\\\/hiz-sinirlari-emniyet-kemeri-mobil-telefon-kullanim-politikasi\\\/#breadcrumb\"},\"inLanguage\":\"en-US\",\"potentialAction\":[{\"@type\":\"ReadAction\",\"target\":[\"https:\\\/\\\/ktpetrolleri.com\\\/hiz-sinirlari-emniyet-kemeri-mobil-telefon-kullanim-politikasi\\\/\"]}]},{\"@type\":\"ImageObject\",\"inLanguage\":\"en-US\",\"@id\":\"https:\\\/\\\/ktpetrolleri.com\\\/hiz-sinirlari-emniyet-kemeri-mobil-telefon-kullanim-politikasi\\\/#primaryimage\",\"url\":\"https:\\\/\\\/ktpetrolleri.com\\\/wp-content\\\/uploads\\\/2021\\\/10\\\/kurumsal1.png\",\"contentUrl\":\"https:\\\/\\\/ktpetrolleri.com\\\/wp-content\\\/uploads\\\/2021\\\/10\\\/kurumsal1.png\"},{\"@type\":\"BreadcrumbList\",\"@id\":\"https:\\\/\\\/ktpetrolleri.com\\\/hiz-sinirlari-emniyet-kemeri-mobil-telefon-kullanim-politikasi\\\/#breadcrumb\",\"itemListElement\":[{\"@type\":\"ListItem\",\"position\":1,\"name\":\"Anasayfa\",\"item\":\"https:\\\/\\\/ktpetrolleri.com\\\/en\\\/\"},{\"@type\":\"ListItem\",\"position\":2,\"name\":\"Speed Limits, Seat Belt, Mobile Phone Usage Policy\"}]},{\"@type\":\"WebSite\",\"@id\":\"https:\\\/\\\/ktpetrolleri.com\\\/#website\",\"url\":\"https:\\\/\\\/ktpetrolleri.com\\\/\",\"name\":\"K-Pet petrolleri\",\"description\":\"\",\"publisher\":{\"@id\":\"https:\\\/\\\/ktpetrolleri.com\\\/#organization\"},\"potentialAction\":[{\"@type\":\"SearchAction\",\"target\":{\"@type\":\"EntryPoint\",\"urlTemplate\":\"https:\\\/\\\/ktpetrolleri.com\\\/?s={search_term_string}\"},\"query-input\":{\"@type\":\"PropertyValueSpecification\",\"valueRequired\":true,\"valueName\":\"search_term_string\"}}],\"inLanguage\":\"en-US\"},{\"@type\":\"Organization\",\"@id\":\"https:\\\/\\\/ktpetrolleri.com\\\/#organization\",\"name\":\"K\u0131br\u0131s T\u00fcrk Petrolleri\",\"url\":\"https:\\\/\\\/ktpetrolleri.com\\\/\",\"logo\":{\"@type\":\"ImageObject\",\"inLanguage\":\"en-US\",\"@id\":\"https:\\\/\\\/ktpetrolleri.com\\\/#\\\/schema\\\/logo\\\/image\\\/\",\"url\":\"https:\\\/\\\/ktpetrolleri.com\\\/wp-content\\\/uploads\\\/2021\\\/10\\\/k-pet_logo_long.png\",\"contentUrl\":\"https:\\\/\\\/ktpetrolleri.com\\\/wp-content\\\/uploads\\\/2021\\\/10\\\/k-pet_logo_long.png\",\"width\":300,\"height\":101,\"caption\":\"K\u0131br\u0131s T\u00fcrk Petrolleri\"},\"image\":{\"@id\":\"https:\\\/\\\/ktpetrolleri.com\\\/#\\\/schema\\\/logo\\\/image\\\/\"}}]}<\/script>\n<!-- \/ Yoast SEO plugin. -->","yoast_head_json":{"title":"Speed Limits, Seat Belt, Mobile Phone Usage Policy - K-Pet petrolleri","robots":{"index":"index","follow":"follow","max-snippet":"max-snippet:-1","max-image-preview":"max-image-preview:large","max-video-preview":"max-video-preview:-1"},"canonical":"https:\/\/ktpetrolleri.com\/hiz-sinirlari-emniyet-kemeri-mobil-telefon-kullanim-politikasi\/","og_locale":"en_US","og_type":"article","og_title":"Speed Limits, Seat Belt, Mobile Phone Usage Policy - K-Pet petrolleri","og_description":"Speed Limits, Seat Belt, Mobile Phone Usage Policy Integration Policy Speed Limits, Seat Belt, Mobile Phone Usage Policy Drug, Alcohol and Smoking Policy Speed Limits, Seat Belt, Mobile Phone Usage Policy Speed Limit, Seat Belt, Use of Mobile Phones are among the working principles of the Cyprus Turkish Petroleum administration. It is the purpose of [&hellip;]","og_url":"https:\/\/ktpetrolleri.com\/hiz-sinirlari-emniyet-kemeri-mobil-telefon-kullanim-politikasi\/","og_site_name":"K-Pet petrolleri","article_modified_time":"2022-09-05T23:53:25+00:00","og_image":[{"url":"https:\/\/ktpetrolleri.com\/wp-content\/uploads\/2021\/10\/kurumsal1.png","type":"","width":"","height":""}],"twitter_card":"summary_large_image","twitter_misc":{"Est. reading time":"2 minutes"},"schema":{"@context":"https:\/\/schema.org","@graph":[{"@type":"WebPage","@id":"https:\/\/ktpetrolleri.com\/hiz-sinirlari-emniyet-kemeri-mobil-telefon-kullanim-politikasi\/","url":"https:\/\/ktpetrolleri.com\/hiz-sinirlari-emniyet-kemeri-mobil-telefon-kullanim-politikasi\/","name":"Speed Limits, Seat Belt, Mobile Phone Usage Policy - K-Pet petrolleri","isPartOf":{"@id":"https:\/\/ktpetrolleri.com\/#website"},"primaryImageOfPage":{"@id":"https:\/\/ktpetrolleri.com\/hiz-sinirlari-emniyet-kemeri-mobil-telefon-kullanim-politikasi\/#primaryimage"},"image":{"@id":"https:\/\/ktpetrolleri.com\/hiz-sinirlari-emniyet-kemeri-mobil-telefon-kullanim-politikasi\/#primaryimage"},"thumbnailUrl":"https:\/\/ktpetrolleri.com\/wp-content\/uploads\/2021\/10\/kurumsal1.png","datePublished":"2021-10-08T15:42:13+00:00","dateModified":"2022-09-05T23:53:25+00:00","breadcrumb":{"@id":"https:\/\/ktpetrolleri.com\/hiz-sinirlari-emniyet-kemeri-mobil-telefon-kullanim-politikasi\/#breadcrumb"},"inLanguage":"en-US","potentialAction":[{"@type":"ReadAction","target":["https:\/\/ktpetrolleri.com\/hiz-sinirlari-emniyet-kemeri-mobil-telefon-kullanim-politikasi\/"]}]},{"@type":"ImageObject","inLanguage":"en-US","@id":"https:\/\/ktpetrolleri.com\/hiz-sinirlari-emniyet-kemeri-mobil-telefon-kullanim-politikasi\/#primaryimage","url":"https:\/\/ktpetrolleri.com\/wp-content\/uploads\/2021\/10\/kurumsal1.png","contentUrl":"https:\/\/ktpetrolleri.com\/wp-content\/uploads\/2021\/10\/kurumsal1.png"},{"@type":"BreadcrumbList","@id":"https:\/\/ktpetrolleri.com\/hiz-sinirlari-emniyet-kemeri-mobil-telefon-kullanim-politikasi\/#breadcrumb","itemListElement":[{"@type":"ListItem","position":1,"name":"Anasayfa","item":"https:\/\/ktpetrolleri.com\/en\/"},{"@type":"ListItem","position":2,"name":"Speed Limits, Seat Belt, Mobile Phone Usage Policy"}]},{"@type":"WebSite","@id":"https:\/\/ktpetrolleri.com\/#website","url":"https:\/\/ktpetrolleri.com\/","name":"K-Pet petrolleri","description":"","publisher":{"@id":"https:\/\/ktpetrolleri.com\/#organization"},"potentialAction":[{"@type":"SearchAction","target":{"@type":"EntryPoint","urlTemplate":"https:\/\/ktpetrolleri.com\/?s={search_term_string}"},"query-input":{"@type":"PropertyValueSpecification","valueRequired":true,"valueName":"search_term_string"}}],"inLanguage":"en-US"},{"@type":"Organization","@id":"https:\/\/ktpetrolleri.com\/#organization","name":"K\u0131br\u0131s T\u00fcrk Petrolleri","url":"https:\/\/ktpetrolleri.com\/","logo":{"@type":"ImageObject","inLanguage":"en-US","@id":"https:\/\/ktpetrolleri.com\/#\/schema\/logo\/image\/","url":"https:\/\/ktpetrolleri.com\/wp-content\/uploads\/2021\/10\/k-pet_logo_long.png","contentUrl":"https:\/\/ktpetrolleri.com\/wp-content\/uploads\/2021\/10\/k-pet_logo_long.png","width":300,"height":101,"caption":"K\u0131br\u0131s T\u00fcrk Petrolleri"},"image":{"@id":"https:\/\/ktpetrolleri.com\/#\/schema\/logo\/image\/"}}]}},"_links":{"self":[{"href":"https:\/\/ktpetrolleri.com\/en\/wp-json\/wp\/v2\/pages\/4460","targetHints":{"allow":["GET"]}}],"collection":[{"href":"https:\/\/ktpetrolleri.com\/en\/wp-json\/wp\/v2\/pages"}],"about":[{"href":"https:\/\/ktpetrolleri.com\/en\/wp-json\/wp\/v2\/types\/page"}],"author":[{"embeddable":true,"href":"https:\/\/ktpetrolleri.com\/en\/wp-json\/wp\/v2\/users\/8"}],"replies":[{"embeddable":true,"href":"https:\/\/ktpetrolleri.com\/en\/wp-json\/wp\/v2\/comments?post=4460"}],"version-history":[{"count":2,"href":"https:\/\/ktpetrolleri.com\/en\/wp-json\/wp\/v2\/pages\/4460\/revisions"}],"predecessor-version":[{"id":4510,"href":"https:\/\/ktpetrolleri.com\/en\/wp-json\/wp\/v2\/pages\/4460\/revisions\/4510"}],"wp:attachment":[{"href":"https:\/\/ktpetrolleri.com\/en\/wp-json\/wp\/v2\/media?parent=4460"}],"curies":[{"name":"wp","href":"https:\/\/api.w.org\/{rel}","templated":true}]}}